{"id":498,"date":"2018-08-07T09:43:09","date_gmt":"2018-08-07T07:43:09","guid":{"rendered":"http:\/\/bri.zelenakocka.com\/?page_id=498"},"modified":"2018-12-10T21:50:26","modified_gmt":"2018-12-10T20:50:26","slug":"home","status":"publish","type":"page","link":"https:\/\/www.brinvest.cz\/en\/","title":{"rendered":"Home"},"content":{"rendered":"<p>[et_pb_section bb_built=&#8221;1&#8243; _builder_version=&#8221;3.11&#8243; custom_padding=&#8221;0|0px|25px|0px|false|false&#8221; next_background_color=&#8221;#000000&#8243;][et_pb_row use_custom_gutter=&#8221;on&#8221; gutter_width=&#8221;1&#8243; custom_padding=&#8221;0px||0px|&#8221; custom_margin=&#8221;0px||0px|&#8221; make_equal=&#8221;on&#8221; background_color_1=&#8221;#DDDDDD&#8221; background_color_2=&#8221;#EEEEEE&#8221; module_class_1=&#8221;coll_konstrukce&#8221; module_class_2=&#8221;coll_prace&#8221; _builder_version=&#8221;3.11&#8243; background_size=&#8221;initial&#8221; background_position=&#8221;top_left&#8221; background_repeat=&#8221;repeat&#8221;][et_pb_column type=&#8221;1_2&#8243;][et_pb_image src=&#8221;https:\/\/www.brinvest.cz\/wp-content\/uploads\/2018\/08\/slide-konstrukce-04.jpg&#8221; url=&#8221;#&#8221; _builder_version=&#8221;3.11&#8243; \/][et_pb_text admin_label=&#8221;N\u00e1zev sekce&#8221; module_class=&#8221;namesection&#8221; _builder_version=&#8221;3.11&#8243; header_2_text_color=&#8221;#ffffff&#8221; header_2_font_size=&#8221;36px&#8221; background_color=&#8221;rgba(0,0,0,0.5)&#8221; custom_padding=&#8221;20px|20px|10px|20px&#8221; custom_css_main_element=&#8221;position: relative;||top: -75px;&#8221;]<\/p>\n<h2>Aluminium curtain walls<\/h2>\n<p>[\/et_pb_text][et_pb_text _builder_version=&#8221;3.11&#8243; custom_margin=&#8221;-50px|20px|30px|20px&#8221;] BR-INVEST is focused on production and installation of glazed curtain walls, production and installation of frame structures, skylights, winter gardens and interior glazed walls.<br \/>\n[\/et_pb_text][et_pb_text admin_label=&#8221;Tla\u010d\u00edtka&#8221; _builder_version=&#8221;3.11&#8243; custom_margin=&#8221;|20px||20px&#8221;] <a class=\"et_pb_button butt01 et_pb_bg_layout_dark noborder\" href=\"\/en\/aluminium-curtain-walls\/\">More information<\/a> <a class=\"et_pb_button butt02 et_pb_bg_layout_dark noborder\" href=\"\/en\/aluminium-curtain-walls-references\/\">References<\/a><br \/>\n[\/et_pb_text][et_pb_divider show_divider=&#8221;off&#8221; _builder_version=&#8221;3.11&#8243; \/][\/et_pb_column][et_pb_column type=&#8221;1_2&#8243;][et_pb_image src=&#8221;https:\/\/www.brinvest.cz\/wp-content\/uploads\/2018\/07\/slide-prace-01.jpg&#8221; _builder_version=&#8221;3.11&#8243; \/][et_pb_text admin_label=&#8221;N\u00e1zev sekce&#8221; module_class=&#8221;namesection&#8221; _builder_version=&#8221;3.11&#8243; header_2_text_color=&#8221;#ffffff&#8221; header_2_font_size=&#8221;36px&#8221; background_color=&#8221;rgba(0,0,0,0.5)&#8221; custom_padding=&#8221;20px|20px|10px|20px&#8221; custom_css_main_element=&#8221;position: relative;||top: -75px;&#8221;]<\/p>\n<h2>Construction works<\/h2>\n<p>[\/et_pb_text][et_pb_text _builder_version=&#8221;3.11&#8243; custom_margin=&#8221;-50px|20px|30px|20px&#8221;] BR-INVEST was founded as a civil engineering company in 1991. The company originated neither from privatisation nor from acquisition of another construction company but it started practically \u201cfrom scratches\u201d.<br \/>\n[\/et_pb_text][et_pb_text admin_label=&#8221;Tla\u010d\u00edtka&#8221; _builder_version=&#8221;3.11&#8243; custom_margin=&#8221;|20px||20px&#8221;] <a class=\"et_pb_button butt01 et_pb_bg_layout_dark noborder\" href=\"\/en\/construction-works\/\">More information<\/a> <a class=\"et_pb_button butt02 et_pb_bg_layout_dark noborder\" href=\"\/en\/construction-works-references\/\">References<\/a><br \/>\n[\/et_pb_text][et_pb_divider show_divider=&#8221;off&#8221; _builder_version=&#8221;3.11&#8243; \/][\/et_pb_column][\/et_pb_row][\/et_pb_section][et_pb_section bb_built=&#8221;1&#8243; _builder_version=&#8221;3.0.47&#8243; custom_padding=&#8221;0|0px|54px|0px|false|false&#8221; prev_background_color=&#8221;#000000&#8243; next_background_color=&#8221;#000000&#8243;][et_pb_row _builder_version=&#8221;3.0.48&#8243; background_size=&#8221;initial&#8221; background_position=&#8221;top_left&#8221; background_repeat=&#8221;repeat&#8221;][et_pb_column type=&#8221;4_4&#8243;][et_pb_text _builder_version=&#8221;3.11&#8243;] BR-INVEST is focused on production and installation of glazed curtain walls, glazed cladding walls, internal structures, light metal structures as well as co-ordination and supplies of other subcontractors. BR-INVEST also provides production and installation of frame structures, skylights, winter gardens and interior glazed walls.<br \/>\n[\/et_pb_text][\/et_pb_column][\/et_pb_row][\/et_pb_section][et_pb_section bb_built=&#8221;1&#8243; _builder_version=&#8221;3.0.47&#8243; custom_padding=&#8221;0|0px|54px|0px|false|false&#8221; prev_background_color=&#8221;#000000&#8243; next_background_color=&#8221;#000000&#8243;][et_pb_row _builder_version=&#8221;3.0.48&#8243; background_size=&#8221;initial&#8221; background_position=&#8221;top_left&#8221; background_repeat=&#8221;repeat&#8221;][et_pb_column type=&#8221;4_4&#8243;][et_pb_text admin_label=&#8221;Sorry, the site is under construction.&#8221; _builder_version=&#8221;3.11&#8243; header_font=&#8221;||||||||&#8221; header_2_font=&#8221;||||||||&#8221; header_2_text_color=&#8221;#000000&#8243; background_color=&#8221;#F9D13E&#8221; custom_padding=&#8221;1em||0.5em|&#8221; header_2_font_size=&#8221;18px&#8221;]<\/p>\n<h2 style=\"text-align: center;\">Sorry, the site is under construction.<\/h2>\n<p>[\/et_pb_text][\/et_pb_column][\/et_pb_row][\/et_pb_section][et_pb_section bb_built=&#8221;1&#8243; _builder_version=&#8221;3.0.47&#8243; custom_padding=&#8221;0|0px|54px|0px|false|false&#8221; prev_background_color=&#8221;#000000&#8243;][et_pb_row _builder_version=&#8221;3.0.48&#8243; background_size=&#8221;initial&#8221; background_position=&#8221;top_left&#8221; background_repeat=&#8221;repeat&#8221;][et_pb_column type=&#8221;4_4&#8243;][et_pb_text admin_label=&#8221;Nejlep\u0161\u00ed reference&#8221; _builder_version=&#8221;3.11&#8243;]<\/p>\n<h2 style=\"text-align: center;\">Our best references<\/h2>\n<p style=\"text-align: center;\">\n\n\n<div id=\"wpv-view-layout-474\" class=\"js-wpv-view-layout js-wpv-layout-responsive js-wpv-view-layout-474\" data-viewnumber=\"474\" data-pagination=\"{&quot;id&quot;:474,&quot;query&quot;:&quot;normal&quot;,&quot;type&quot;:&quot;disabled&quot;,&quot;effect&quot;:&quot;fade&quot;,&quot;duration&quot;:500,&quot;speed&quot;:5,&quot;pause_on_hover&quot;:&quot;disabled&quot;,&quot;stop_rollover&quot;:&quot;false&quot;,&quot;cache_pages&quot;:&quot;enabled&quot;,&quot;preload_images&quot;:&quot;enabled&quot;,&quot;preload_pages&quot;:&quot;enabled&quot;,&quot;preload_reach&quot;:1,&quot;spinner&quot;:&quot;builtin&quot;,&quot;spinner_image&quot;:&quot;https:\/\/www.brinvest.cz\/wp-content\/plugins\/wp-views\/embedded\/res\/img\/ajax-loader.gif&quot;,&quot;callback_next&quot;:&quot;&quot;,&quot;manage_history&quot;:&quot;disabled&quot;,&quot;has_controls_in_form&quot;:&quot;disabled&quot;,&quot;infinite_tolerance&quot;:&quot;0&quot;,&quot;max_pages&quot;:1,&quot;page&quot;:1,&quot;base_permalink&quot;:&quot;\/en\/wp-json\/wp\/v2\/pages\/498?wpv_view_count=474&amp;wpv_paged=WPV_PAGE_NUM&quot;,&quot;loop&quot;:{&quot;type&quot;:&quot;&quot;,&quot;name&quot;:&quot;&quot;,&quot;data&quot;:[],&quot;id&quot;:0}}\" data-permalink=\"\/en\/wp-json\/wp\/v2\/pages\/498?wpv_view_count=474\">\n\n<div class=\"et_pb_section et_pb_section_reference et_section_regular home_ref\">\n\t\n\t\n\t\n\t\t\n\t\t<div class=\"et_pb_row et_pb_row_reference et_pb_equal_columns et_pb_gutters2\">\n\t\t\t<div class=\"et_pb_column et_pb_column_1_3 et_pb_css_mix_blend_mode_passthrough\"><article>\n<div class=\"et_pb_module et_pb_image et_pb_image_0 et_pb_has_overlay et_always_center_on_mobile smref\">\n<a href=\"https:\/\/www.brinvest.cz\/wp-content\/uploads\/2020\/03\/023-1-1024x768.jpg\" class=\"et_pb_lightbox_image\" title=\"OAC Vinice Praha 10\" class=\"et_pb_lightbox_image\" title=\"OAC Vinice Praha 10\"><span class=\"et_pb_image_wrap\"><img src=\"https:\/\/www.brinvest.cz\/wp-content\/uploads\/2020\/03\/023-1-510x382.jpg\" alt=\"OAC Vinice Praha 10\"><span class=\"et_overlay\"><\/span><\/span><\/a>\n<\/div>\n\n\n<h2><a href=\"https:\/\/www.brinvest.cz\/en\/reference\/oac-vinice-praha-10\/\" class=\"more\" target=\"_blank\" rel=\"noopener noreferrer\">OAC Vinice Praha 10<\/a><\/h2>\n \n<p class=\"info-project\">\nRozsah: <span>kompletn\u00ed dod\u00e1vka nov\u00e9ho opl\u00e1\u0161t\u011bn\u00ed a v\u00fdpln\u00ed otvor\u016f<\/span><br>\nPou\u017eit\u00fd syst\u00e9m: <span>fas\u00e1dn\u00ed syst\u00e9m Sch\u00fcco FWS 50.SI, okenn\u00ed a dve\u0159n\u00ed syst\u00e9m Sch\u00fcco AWS 75.SI a ADS 75.HD.HI<\/span><br>\nInvestor: <span>Carpet Invest s.r.o.<\/span><br>\nArchitekt: <span>Casua s.r.o.<\/span><br>\n\nTerm\u00edn realizace: <span>2018-2019<\/span><br>\n\n<\/p>\n<\/article><\/div>\n\t\t\n\t\t\n\t\t\t<div class=\"et_pb_column et_pb_column_1_3 et_pb_css_mix_blend_mode_passthrough\"><article>\n<div class=\"et_pb_module et_pb_image et_pb_image_0 et_pb_has_overlay et_always_center_on_mobile smref\">\n<a href=\"https:\/\/www.brinvest.cz\/wp-content\/uploads\/2020\/03\/01_2012.jpg\" class=\"et_pb_lightbox_image\" title=\"Novostavba rodinn\u00e9ho domu Lochkov\" class=\"et_pb_lightbox_image\" title=\"Novostavba rodinn\u00e9ho domu Lochkov\"><span class=\"et_pb_image_wrap\"><img src=\"https:\/\/www.brinvest.cz\/wp-content\/uploads\/2020\/03\/01_2012-510x382.jpg\" alt=\"Novostavba rodinn\u00e9ho domu Lochkov\"><span class=\"et_overlay\"><\/span><\/span><\/a>\n<\/div>\n\n\n<h2><a href=\"https:\/\/www.brinvest.cz\/en\/reference\/novostavba-rodinneho-domu-lochkov\/\" class=\"more\" target=\"_blank\" rel=\"noopener noreferrer\">Novostavba rodinn\u00e9ho domu Lochkov<\/a><\/h2>\n \n<p class=\"info-project\">\nRozsah: <span>kompletn\u00ed realizace RD v\u010detn\u011b dod\u00e1vky a mont\u00e1\u017ee sklen\u011bn\u00e9ho opl\u00e1\u0161t\u011bn\u00ed domu<\/span><br>\n\nInvestor: <span>soukrom\u00fd investor<\/span><br>\nArchitekt: <span>D3A<\/span><br>\n\nTerm\u00edn realizace: <span>2010-2012<\/span><br>\n\n<\/p>\n<\/article><\/div>\n\t\t\n\t\t\n\t\t\t<div class=\"et_pb_column et_pb_column_1_3 et_pb_css_mix_blend_mode_passthrough et-last-child\"><article>\n<div class=\"et_pb_module et_pb_image et_pb_image_0 et_pb_has_overlay et_always_center_on_mobile smref\">\n<a href=\"https:\/\/www.brinvest.cz\/wp-content\/uploads\/2020\/03\/02-2-1024x683.jpg\" class=\"et_pb_lightbox_image\" title=\"Kav\u010d\u00ed hory\" class=\"et_pb_lightbox_image\" title=\"Kav\u010d\u00ed hory\"><span class=\"et_pb_image_wrap\"><img src=\"https:\/\/www.brinvest.cz\/wp-content\/uploads\/2020\/03\/02-2-510x382.jpg\" alt=\"Kav\u010d\u00ed hory\"><span class=\"et_overlay\"><\/span><\/span><\/a>\n<\/div>\n\n\n<h2><a href=\"https:\/\/www.brinvest.cz\/en\/reference\/kavci-hory\/\" class=\"more\" target=\"_blank\" rel=\"noopener noreferrer\">Kav\u010d\u00ed hory<\/a><\/h2>\n \n<p class=\"info-project\">\n\n\nInvestor: <span>HOCHTIEF Development Czech Republic<\/span><br>\nArchitekt: <span>Ing. akad. arch. Michal Gabriel<\/span><br>\nHlavn\u00ed dodavatel: <span>HOCHTIEF CZ a. s., divize Praha o. z.<\/span><br>\nTerm\u00edn realizace: <span>2006 - 2008<\/span><br>\n\n<\/p>\n<\/article><\/div>\n\t\t<\/div>\n\t\t\n\t\n\t\n\t\n<\/div>\n<\/div>\n<\/p>\n<p>[\/et_pb_text][\/et_pb_column][\/et_pb_row][\/et_pb_section]<\/p>\n","protected":false},"excerpt":{"rendered":"<p>[et_pb_section bb_built=&#8221;1&#8243; _builder_version=&#8221;3.11&#8243; custom_padding=&#8221;0|0px|25px|0px|false|false&#8221; next_background_color=&#8221;#000000&#8243;][et_pb_row use_custom_gutter=&#8221;on&#8221; gutter_width=&#8221;1&#8243; custom_padding=&#8221;0px||0px|&#8221; custom_margin=&#8221;0px||0px|&#8221; make_equal=&#8221;on&#8221; background_color_1=&#8221;#DDDDDD&#8221; background_color_2=&#8221;#EEEEEE&#8221; module_class_1=&#8221;coll_konstrukce&#8221; module_class_2=&#8221;coll_prace&#8221; _builder_version=&#8221;3.11&#8243; background_size=&#8221;initial&#8221; background_position=&#8221;top_left&#8221; background_repeat=&#8221;repeat&#8221;][et_pb_column type=&#8221;1_2&#8243;][et_pb_image src=&#8221;https:\/\/www.brinvest.cz\/wp-content\/uploads\/2018\/08\/slide-konstrukce-04.jpg&#8221; url=&#8221;#&#8221; _builder_version=&#8221;3.11&#8243; \/][et_pb_text admin_label=&#8221;N\u00e1zev sekce&#8221; module_class=&#8221;namesection&#8221; _builder_version=&#8221;3.11&#8243; header_2_text_color=&#8221;#ffffff&#8221; header_2_font_size=&#8221;36px&#8221; background_color=&#8221;rgba(0,0,0,0.5)&#8221; custom_padding=&#8221;20px|20px|10px|20px&#8221; custom_css_main_element=&#8221;position: relative;||top: -75px;&#8221;] Aluminium curtain walls [\/et_pb_text][et_pb_text _builder_version=&#8221;3.11&#8243; custom_margin=&#8221;-50px|20px|30px|20px&#8221;] BR-INVEST is focused on production and installation of glazed curtain walls, production and installation of [&hellip;]<\/p>\n","protected":false},"author":1,"featured_media":0,"parent":0,"menu_order":0,"comment_status":"closed","ping_status":"closed","template":"","meta":{"_et_pb_use_builder":"on","_et_pb_old_content":"[et_pb_section bb_built=\"1\" _builder_version=\"3.11\" custom_padding=\"0|0px|25px|0px|false|false\" next_background_color=\"#000000\"][et_pb_row use_custom_gutter=\"on\" gutter_width=\"1\" custom_padding=\"0px||0px|\" custom_margin=\"0px||0px|\" make_equal=\"on\" background_color_1=\"#DDDDDD\" background_color_2=\"#EEEEEE\" module_class_1=\"coll_konstrukce\" module_class_2=\"coll_prace\" _builder_version=\"3.11\" background_size=\"initial\" background_position=\"top_left\" background_repeat=\"repeat\"][et_pb_column type=\"1_2\"][et_pb_image src=\"https:\/\/www.brinvest.cz\/wp-content\/uploads\/2018\/08\/slide-konstrukce-04.jpg\" url=\"#\" _builder_version=\"3.11\" \/][et_pb_text admin_label=\"N\u00e1zev sekce\" module_class=\"namesection\" _builder_version=\"3.11\" text_font=\"||||||||\" header_font=\"||||||||\" header_2_font=\"||||||||\" header_2_text_color=\"#ffffff\" header_2_font_size=\"36px\" background_color=\"rgba(0,0,0,0.5)\" custom_padding=\"20px|20px|10px|20px\" custom_css_main_element=\"position: relative;||top: -75px;\"]\r\n<h2>HLIN\u00cdKOV\u00c9 OPL\u00c1\u0160T\u011aN\u00cd<\/h2>\r\n[\/et_pb_text][et_pb_text _builder_version=\"3.11\" header_font=\"||||||||\" custom_margin=\"-50px|20px|30px|20px\"]\r\n\r\nFirma BR-INVEST spol. s r. o. se zam\u011b\u0159uje na v\u00fdrobu a mont\u00e1\u017e prosklen\u00fdch obvodov\u00fdch pl\u00e1\u0161\u0165\u016f budov, v\u00fdrobu a mont\u00e1\u017e r\u00e1mov\u00fdch konstrukc\u00ed oken a dve\u0159\u00ed, st\u0159e\u0161n\u00edch sv\u011btl\u00edk\u016f, zimn\u00edch zahrad a interi\u00e9rov\u00fdch prosklen\u00fdch p\u0159\u00ed\u010dek. BR-INVEST spol. s r. o. roz\u0161i\u0159uje svoji \u010dinnost o realizaci zak\u00e1zek formou kompletn\u00ed dod\u00e1vky obvodov\u00e9ho pl\u00e1\u0161t\u011b.\r\n\r\n[\/et_pb_text][et_pb_text admin_label=\"Tla\u010d\u00edtka\" _builder_version=\"3.11\" custom_margin=\"|20px||20px\"]\r\n\r\n<a class=\"et_pb_button butt01 et_pb_bg_layout_dark noborder\" href=\"https:\/\/www.brinvest.cz\/hlinikove-oplasteni\/\">V\u00edce informac\u00ed<\/a> <a class=\"et_pb_button butt02 et_pb_bg_layout_dark noborder\" href=\"\/typ-projektu\/hlinikove-oplasteni\/\">Uk\u00e1zky realizac\u00ed<\/a>\r\n\r\n[\/et_pb_text][et_pb_divider show_divider=\"off\" _builder_version=\"3.11\" \/][\/et_pb_column][et_pb_column type=\"1_2\"][et_pb_image src=\"https:\/\/www.brinvest.cz\/wp-content\/uploads\/2018\/07\/slide-prace-01.jpg\" _builder_version=\"3.11\" \/][et_pb_text admin_label=\"N\u00e1zev sekce\" module_class=\"namesection\" _builder_version=\"3.11\" text_font=\"||||||||\" header_font=\"||||||||\" header_2_font=\"||||||||\" header_2_text_color=\"#ffffff\" header_2_font_size=\"36px\" background_color=\"rgba(0,0,0,0.5)\" custom_padding=\"20px|20px|10px|20px\" custom_css_main_element=\"position: relative;||top: -75px;\"]\r\n<h2>STAVEBN\u00cd PR\u00c1CE<\/h2>\r\n[\/et_pb_text][et_pb_text _builder_version=\"3.11\" custom_margin=\"-50px|20px|30px|20px\"]\r\n\r\nStavebn\u00ed spole\u010dnost BR-INVEST spol. s r. o. byla zalo\u017eena v r. 1991. Nevznikla ani privatizac\u00ed n\u011bkter\u00e9ho ze stavebn\u00edch podnik\u016f, ani koup\u00ed jin\u00e9 stavebn\u00ed firmy, ale byla budov\u00e1na nov\u011b, doslova \u201eod z\u00e1klad\u016f\u201c Hlavn\u00edm kr\u00e9dem firmy od po\u010d\u00e1tku je soust\u0159edit sv\u00e9 iniciativy na \u201eklasick\u00e9\u201c pozemn\u00ed stavitelstv\u00ed a to jak na rekonstrukce a obnovy st\u00e1vaj\u00edc\u00edch objekt\u016f (v\u010detn\u011b pam\u00e1tkov\u011b chr\u00e1n\u011bn\u00fdch), tak na v\u00fdstavbu nov\u00fdch celk\u016f.\r\n\r\n[\/et_pb_text][et_pb_text admin_label=\"Tla\u010d\u00edtka\" _builder_version=\"3.11\" custom_margin=\"|20px||20px\"]\r\n\r\n<a class=\"et_pb_button butt01 et_pb_bg_layout_dark noborder\" href=\"https:\/\/www.brinvest.cz\/stavebni-prace\/\">V\u00edce informac\u00ed<\/a> <a class=\"et_pb_button butt02 et_pb_bg_layout_dark noborder\" href=\"\/typ-projektu\/stavebni-prace\/\">Uk\u00e1zky realizac\u00ed<\/a>\r\n\r\n[\/et_pb_text][et_pb_divider show_divider=\"off\" _builder_version=\"3.11\" \/][\/et_pb_column][\/et_pb_row][\/et_pb_section][et_pb_section bb_built=\"1\" _builder_version=\"3.0.47\" custom_padding=\"0|0px|54px|0px|false|false\" prev_background_color=\"#000000\" next_background_color=\"#000000\"][et_pb_row _builder_version=\"3.0.48\" background_size=\"initial\" background_position=\"top_left\" background_repeat=\"repeat\"][et_pb_column type=\"4_4\"][et_pb_text _builder_version=\"3.11\"]\r\n\r\nFirma BR-INVEST spol. s r. o. se zam\u011b\u0159uje na v\u00fdrobu a mont\u00e1\u017e prosklen\u00fdch obvodov\u00fdch pl\u00e1\u0161\u0165\u016f budov, v\u010detn\u011b koordinace a dod\u00e1vek dal\u0161\u00edch subdodavatel\u016f. Krom\u011b toho zaji\u0161\u0165uje v\u00fdrobu a mont\u00e1\u017e r\u00e1mov\u00fdch konstrukc\u00ed oken a dve\u0159\u00ed, st\u0159e\u0161n\u00edch sv\u011btl\u00edk\u016f, zimn\u00edch zahrad a interi\u00e9rov\u00fdch prosklen\u00fdch p\u0159\u00ed\u010dek.\r\n\r\n[\/et_pb_text][\/et_pb_column][\/et_pb_row][\/et_pb_section][et_pb_section bb_built=\"1\" _builder_version=\"3.0.47\" custom_padding=\"0|0px|54px|0px|false|false\" prev_background_color=\"#000000\"][et_pb_row _builder_version=\"3.0.48\" background_size=\"initial\" background_position=\"top_left\" background_repeat=\"repeat\"][et_pb_column type=\"4_4\"][et_pb_text admin_label=\"Nejlep\u0161\u00ed reference\" _builder_version=\"3.11\"]\r\n<h2 style=\"text-align: center;\">Na\u0161e nejlep\u0161\u00ed reference<\/h2>\r\n<p style=\"text-align: center;\">{!{wpv-view name='nejlepsi-reference-home' limit='3'}!}<\/p>\r\n[\/et_pb_text][\/et_pb_column][\/et_pb_row][\/et_pb_section]","_et_gb_content_width":""},"_links":{"self":[{"href":"https:\/\/www.brinvest.cz\/en\/wp-json\/wp\/v2\/pages\/498"}],"collection":[{"href":"https:\/\/www.brinvest.cz\/en\/wp-json\/wp\/v2\/pages"}],"about":[{"href":"https:\/\/www.brinvest.cz\/en\/wp-json\/wp\/v2\/types\/page"}],"author":[{"embeddable":true,"href":"https:\/\/www.brinvest.cz\/en\/wp-json\/wp\/v2\/users\/1"}],"replies":[{"embeddable":true,"href":"https:\/\/www.brinvest.cz\/en\/wp-json\/wp\/v2\/comments?post=498"}],"version-history":[{"count":0,"href":"https:\/\/www.brinvest.cz\/en\/wp-json\/wp\/v2\/pages\/498\/revisions"}],"wp:attachment":[{"href":"https:\/\/www.brinvest.cz\/en\/wp-json\/wp\/v2\/media?parent=498"}],"curies":[{"name":"wp","href":"https:\/\/api.w.org\/{rel}","templated":true}]}}