{"id":506,"date":"2018-08-07T10:02:54","date_gmt":"2018-08-07T08:02:54","guid":{"rendered":"http:\/\/bri.zelenakocka.com\/?page_id=506"},"modified":"2018-12-10T21:53:49","modified_gmt":"2018-12-10T20:53:49","slug":"aluminium-curtain-walls","status":"publish","type":"page","link":"https:\/\/www.brinvest.cz\/en\/aluminium-curtain-walls\/","title":{"rendered":"Aluminium curtain walls"},"content":{"rendered":"<p>[et_pb_section bb_built=&#8221;1&#8243; _builder_version=&#8221;3.0.47&#8243;][et_pb_row _builder_version=&#8221;3.0.48&#8243; background_size=&#8221;initial&#8221; background_position=&#8221;top_left&#8221; background_repeat=&#8221;repeat&#8221;][et_pb_column type=&#8221;4_4&#8243;][et_pb_text _builder_version=&#8221;3.11&#8243;]<\/p>\n<h1>Aluminium curtain walls<\/h1>\n<p>[\/et_pb_text][\/et_pb_column][\/et_pb_row][et_pb_row _builder_version=&#8221;3.0.48&#8243; background_size=&#8221;initial&#8221; background_position=&#8221;top_left&#8221; background_repeat=&#8221;repeat&#8221;][et_pb_column type=&#8221;1_2&#8243;][et_pb_text _builder_version=&#8221;3.11&#8243;]<\/p>\n<p>BR-INVEST is focused on production and installation of glazed curtain walls, production and installation of frame structures, skylights, winter gardens and interior glazed walls.<\/p>\n<p>Having the investors\u2019 demands in mind, BR-INVEST started to widen their offers and now can supply not only glazed, but all other types of curtain walls as a complete package in order to achive tailor-made service.<\/p>\n<h3>Realisation of projects includes:<\/h3>\n<ul>\n<li>consulting service<\/li>\n<li>projecting work including static calculation<\/li>\n<li>co-ordination of activities and supplies of other subcontractors<\/li>\n<li>glazed curtain walls made by BR-INVEST or self-made glazed curtain walls<\/li>\n<\/ul>\n<p>SCHUCO and REAYNERS aluminium systems are mainly used for production of curtain walls and interior building structures. These systems fully satisfy investors\u2019 and engineers\u00b4 demands , especially when it comes to client structures. Advantages of these systems are their complexity and perfection of technical details, as well as their high level of quality, efficient sound and thermal insulation, static, method of production and quick installation.<\/p>\n<p>Used systems make systematised solutions of modern architectural demands possible, both design and technically wise. When it comes to powder coating of aluminium profiles, client can choose between RAL and ELOX variety of colours. Concerning high quality of materials and technology of production that we use, projects and preparation of production are under great attention. Project works are executed via software programs such as AutoCad, Sch\u00fcCal, ReynaPro, eluSoft\/eluCad and others. Specialised software programs are used in organisational, administrative and economical processes as well.<\/p>\n<p>[\/et_pb_text][\/et_pb_column][et_pb_column type=&#8221;1_2&#8243;][et_pb_gallery gallery_ids=&#8221;247,254,223,177,135,219,350&#8243; gallery_orderby=&#8221;rand&#8221; fullwidth=&#8221;on&#8221; _builder_version=&#8221;3.11&#8243; animation_style=&#8221;fade&#8221; auto=&#8221;on&#8221; auto_speed=&#8221;5000&#8243; \/][\/et_pb_column][\/et_pb_row][et_pb_row][et_pb_column type=&#8221;1_2&#8243;][et_pb_text _builder_version=&#8221;3.11&#8243;]<\/p>\n<h2>Programs and products:<\/h2>\n<ul>\n<li>delivering curtain walls as a complete package including co-ordination of other subcontractors\n<ul>\n<li>aluminium fa\u00e7ades<\/li>\n<li>cover-caps<\/li>\n<li>semi-structural<\/li>\n<li>structural<\/li>\n<\/ul>\n<\/li>\n<li>aluminium frame structures<\/li>\n<li>winter gardens<\/li>\n<li>inner walls and partitions<\/li>\n<li>fire-resistant structures<\/li>\n<li>service during and after guarantee period<\/li>\n<\/ul>\n<p>[\/et_pb_text][\/et_pb_column][et_pb_column type=&#8221;1_2&#8243;][et_pb_text admin_label=&#8221;Production and assembling workroom&#8221; _builder_version=&#8221;3.11&#8243;]<\/p>\n<h2>Production and assembling workroom<\/h2>\n<p>Assembling workroom located in Kutnohorsk\u00e1 426, Prague 10 \u2013 Horn\u00ed M\u011bcholupy is an integral part of BR-INVEST. The workroom is entirely equipped with SCHUCO and ELUMATEC aluminium production machines. Our assembling team is highly skilled and qualified and is working with high-quality sets of tools in order to achive high standard products.<\/p>\n<p>[\/et_pb_text][\/et_pb_column][\/et_pb_row][\/et_pb_section]<\/p>\n","protected":false},"excerpt":{"rendered":"<p>[et_pb_section bb_built=&#8221;1&#8243; _builder_version=&#8221;3.0.47&#8243;][et_pb_row _builder_version=&#8221;3.0.48&#8243; background_size=&#8221;initial&#8221; background_position=&#8221;top_left&#8221; background_repeat=&#8221;repeat&#8221;][et_pb_column type=&#8221;4_4&#8243;][et_pb_text _builder_version=&#8221;3.11&#8243;] Aluminium curtain walls [\/et_pb_text][\/et_pb_column][\/et_pb_row][et_pb_row _builder_version=&#8221;3.0.48&#8243; background_size=&#8221;initial&#8221; background_position=&#8221;top_left&#8221; background_repeat=&#8221;repeat&#8221;][et_pb_column type=&#8221;1_2&#8243;][et_pb_text _builder_version=&#8221;3.11&#8243;] BR-INVEST is focused on production and installation of glazed curtain walls, production and installation of frame structures, skylights, winter gardens and interior glazed walls. Having the investors\u2019 demands in mind, BR-INVEST started to widen their offers [&hellip;]<\/p>\n","protected":false},"author":1,"featured_media":0,"parent":0,"menu_order":0,"comment_status":"closed","ping_status":"closed","template":"","meta":{"_et_pb_use_builder":"on","_et_pb_old_content":"<p>[et_pb_section fb_built=\"1\" _builder_version=\"3.0.47\"][et_pb_row _builder_version=\"3.0.48\" background_size=\"initial\" background_position=\"top_left\" background_repeat=\"repeat\"][et_pb_column type=\"4_4\" _builder_version=\"3.0.47\" parallax=\"off\" parallax_method=\"on\"][et_pb_text _builder_version=\"3.11\"]<\/p><h1>Hlin\u00edkov\u00e9 opl\u00e1\u0161t\u011bn\u00ed<\/h1><p>[\/et_pb_text][\/et_pb_column][\/et_pb_row][et_pb_row _builder_version=\"3.0.48\" background_size=\"initial\" background_position=\"top_left\" background_repeat=\"repeat\"][et_pb_column type=\"1_2\" _builder_version=\"3.0.47\" parallax=\"off\" parallax_method=\"on\"][et_pb_text _builder_version=\"3.11\"]<\/p><p>Firma BR-INVEST spol. s r. o. se zam\u011b\u0159uje na v\u00fdrobu a mont\u00e1\u017e prosklen\u00fdch obvodov\u00fdch pl\u00e1\u0161\u0165\u016f budov, v\u00fdrobu a mont\u00e1\u017e r\u00e1mov\u00fdch konstrukc\u00ed oken a dve\u0159\u00ed, st\u0159e\u0161n\u00edch sv\u011btl\u00edk\u016f, zimn\u00edch zahrad a interi\u00e9rov\u00fdch prosklen\u00fdch p\u0159\u00ed\u010dek. BR-INVEST spol. s r. o. roz\u0161i\u0159uje svoji \u010dinnost o realizaci zak\u00e1zek formou kompletn\u00ed dod\u00e1vky obvodov\u00e9ho pl\u00e1\u0161t\u011b.<\/p><p>Zak\u00e1zky realizujeme od po\u010d\u00e1te\u010dn\u00edho poradenstv\u00ed, projektovan\u00ed v\u010d. statick\u00e9ho v\u00fdpo\u010dtu, p\u0159es v\u00fdrobu, koordinaci a dod\u00e1vku dal\u0161\u00edch subdodavatel\u016f a\u017e po kone\u010dnou mont\u00e1\u017e. Vzhledem k pou\u017e\u00edvan\u00fdm materi\u00e1l\u016fm a technologi\u00edm v\u011bnujeme velkou pozornost projekci a p\u0159\u00edprav\u011b v\u00fdroby. Projek\u010dn\u00ed pr\u00e1ce jsou prov\u00e1d\u011bny v t\u011bchto programech: AutoCad, Sch\u00fcCal, ReynaPro, eluSoft\/eluCad a jin\u00e9. Vyu\u017e\u00edv\u00e1n\u00ed specializovan\u00fdch po\u010d\u00edta\u010dov\u00fdch programu je samoz\u0159ejmost\u00ed rovn\u011b\u017e v procesu organizace a \u0159\u00edzen\u00ed pr\u00e1ce, v administrativ\u011b i ekonomick\u00e9 oblasti.<\/p><p>P\u0159i v\u00fdrob\u011b obvodov\u00fdch pl\u00e1\u0161\u0165\u016f a vnit\u0159n\u00edch konstrukc\u00ed budov pou\u017e\u00edv\u00e1 firma BR-INVEST p\u0159edev\u0161\u00edm hlin\u00edkov\u00e9 syst\u00e9my SCHUCO, REAYNERS kter\u00e9 umo\u017e\u0148uj\u00ed spln\u011bn\u00ed po\u017eadavk\u016f projektanta a p\u0159\u00e1n\u00ed investora tak\u00e9 u atypick\u00fdch zak\u00e1zek. P\u0159ednost\u00ed v\u00fd\u0161e uveden\u00edch syst\u00e9m\u016f je jejich komplexnost a dokonalost technick\u00fdch detail\u016f, vysok\u00e1 kvalita, dobr\u00e9 \u0159e\u0161en\u00ed tepeln\u00fdch most\u016f, statick\u00e9 vlastnosti, zp\u016fsob opracov\u00e1n\u00ed a rychl\u00e1 mont\u00e1\u017e.<\/p><p>Pou\u017eit\u00e9 syst\u00e9my umo\u017e\u0148uj\u00ed syst\u00e9mov\u00e9 \u0159e\u0161en\u00ed modern\u00edch architektonick\u00fdch po\u017eadavk\u016f, a to jak designov\u00e9, tak i technick\u00e9. Syst\u00e9mov\u00e9 profily umo\u017e\u0148uj\u00ed vyhov\u011bt trendu velkoplo\u0161n\u00fdch prosklen\u00fdch fas\u00e1d syst\u00e9movou konstrukc\u00ed, kter\u00e1 odpov\u00edd\u00e1 tepeln\u011b izola\u010dn\u00edm po\u017eadavk\u016fm dle \u010cSN 730540-2. P\u0159i realizaci povrchov\u00e9 \u00fapravy hlin\u00edkov\u00fdch profil\u016f lze volit z odst\u00edn\u016f RAL a ELOX.<\/p><p>[\/et_pb_text][\/et_pb_column][et_pb_column type=\"1_2\" _builder_version=\"3.0.47\" parallax=\"off\" parallax_method=\"on\"][et_pb_gallery gallery_ids=\"247,254,223,177,135,219,350\" gallery_orderby=\"rand\" fullwidth=\"on\" _builder_version=\"3.11\" animation_style=\"fade\" auto=\"on\" auto_speed=\"5000\"][\/et_pb_gallery][\/et_pb_column][\/et_pb_row][\/et_pb_section]<\/p>","_et_gb_content_width":""},"_links":{"self":[{"href":"https:\/\/www.brinvest.cz\/en\/wp-json\/wp\/v2\/pages\/506"}],"collection":[{"href":"https:\/\/www.brinvest.cz\/en\/wp-json\/wp\/v2\/pages"}],"about":[{"href":"https:\/\/www.brinvest.cz\/en\/wp-json\/wp\/v2\/types\/page"}],"author":[{"embeddable":true,"href":"https:\/\/www.brinvest.cz\/en\/wp-json\/wp\/v2\/users\/1"}],"replies":[{"embeddable":true,"href":"https:\/\/www.brinvest.cz\/en\/wp-json\/wp\/v2\/comments?post=506"}],"version-history":[{"count":0,"href":"https:\/\/www.brinvest.cz\/en\/wp-json\/wp\/v2\/pages\/506\/revisions"}],"wp:attachment":[{"href":"https:\/\/www.brinvest.cz\/en\/wp-json\/wp\/v2\/media?parent=506"}],"curies":[{"name":"wp","href":"https:\/\/api.w.org\/{rel}","templated":true}]}}