{"id":508,"date":"2018-08-07T10:03:38","date_gmt":"2018-08-07T08:03:38","guid":{"rendered":"http:\/\/bri.zelenakocka.com\/?page_id=508"},"modified":"2018-12-10T21:52:05","modified_gmt":"2018-12-10T20:52:05","slug":"construction-works","status":"publish","type":"page","link":"https:\/\/www.brinvest.cz\/en\/construction-works\/","title":{"rendered":"Construction works"},"content":{"rendered":"<p>[et_pb_section bb_built=&#8221;1&#8243;][et_pb_row][et_pb_column type=&#8221;4_4&#8243;][et_pb_text _builder_version=&#8221;3.11&#8243;]<\/p>\n<h1>Construction works<\/h1>\n<p>[\/et_pb_text][\/et_pb_column][\/et_pb_row][et_pb_row][et_pb_column type=&#8221;1_2&#8243;][et_pb_text _builder_version=&#8221;3.11&#8243;]<\/p>\n<p>BR-INVEST was founded as a civil engineering company in 1991. The company originated neither from privatisation nor from acquisition of another construction company but it started practically \u201cfrom scratches\u201d. Since the very beginning, the company is oriented on reconstruction and refurbishing works of existing buildings and structures as well as construction of entirely new objects.<\/p>\n<p>BR-INVEST is also able to provide special services in reconstruction and general overhaul of buildings and curtain walls, application of thermal insulation systems, roof constructions, etc. Project works form integral part of company\u00b4s activities. During the past BR-INVEST turned into a general supplier of construction works. Until now BR-INVEST have successfully completed many different projects for all kinds of investors. As our company grew, we have managed to create a highly skilled and competent team, which is capable to fulfil all demands and wishes of our clients.<\/p>\n<p>[\/et_pb_text][\/et_pb_column][et_pb_column type=&#8221;1_2&#8243;][et_pb_gallery _builder_version=&#8221;3.12&#8243; gallery_ids=&#8221;317,330,370,405,395,418,385,382,203&#8243; show_title_and_caption=&#8221;off&#8221; fullwidth=&#8221;on&#8221; zoom_icon_color=&#8221;#2ea3f2&#8243; hover_overlay_color=&#8221;rgba(255,255,255,0.9)&#8221; animation_style=&#8221;slide&#8221; auto=&#8221;on&#8221; auto_speed=&#8221;5000&#8243; gallery_orderby=&#8221;rand&#8221; \/][\/et_pb_column][\/et_pb_row][\/et_pb_section]<\/p>\n","protected":false},"excerpt":{"rendered":"<p>[et_pb_section bb_built=&#8221;1&#8243;][et_pb_row][et_pb_column type=&#8221;4_4&#8243;][et_pb_text _builder_version=&#8221;3.11&#8243;] Construction works [\/et_pb_text][\/et_pb_column][\/et_pb_row][et_pb_row][et_pb_column type=&#8221;1_2&#8243;][et_pb_text _builder_version=&#8221;3.11&#8243;] BR-INVEST was founded as a civil engineering company in 1991. The company originated neither from privatisation nor from acquisition of another construction company but it started practically \u201cfrom scratches\u201d. Since the very beginning, the company is oriented on reconstruction and refurbishing works of existing buildings and [&hellip;]<\/p>\n","protected":false},"author":1,"featured_media":0,"parent":0,"menu_order":0,"comment_status":"closed","ping_status":"closed","template":"","meta":{"_et_pb_use_builder":"on","_et_pb_old_content":"[et_pb_section bb_built=\"1\"][et_pb_row][et_pb_column type=\"4_4\"][et_pb_text _builder_version=\"3.11\"]\r\n<h1>Stavebn\u00ed pr\u00e1ce<\/h1>\r\n[\/et_pb_text][\/et_pb_column][\/et_pb_row][et_pb_row][et_pb_column type=\"1_2\"][et_pb_text _builder_version=\"3.11\"]\r\n\r\nStavebn\u00ed spole\u010dnost BR-INVEST spol. s r. o. byla zalo\u017eena v r. 1991. Nevznikla ani privatizac\u00ed n\u011bkter\u00e9ho ze stavebn\u00edch podnik\u016f, ani koup\u00ed jin\u00e9 stavebn\u00ed firmy, ale byla budov\u00e1na nov\u011b, doslova \u201eod z\u00e1klad\u016f\u201c Hlavn\u00edm kr\u00e9dem firmy od po\u010d\u00e1tku je soust\u0159edit sv\u00e9 iniciativy na \u201eklasick\u00e9\u201c pozemn\u00ed stavitelstv\u00ed a to jak na rekonstrukce a obnovy st\u00e1vaj\u00edc\u00edch objekt\u016f (v\u010detn\u011b pam\u00e1tkov\u011b chr\u00e1n\u011bn\u00fdch), tak na v\u00fdstavbu nov\u00fdch objekt\u016f.\r\n\r\nDo sou\u010dasnosti realizovala stavebn\u00ed spole\u010dnost BR-Invest spol. s r. o. \u0161irokou \u0161k\u00e1lu akc\u00ed. Jednalo se o bytovou a ob\u010danskou v\u00fdstavbu, realizace rodinn\u00fdch vil a domk\u016f, sana\u010dn\u00edch a zateplovac\u00edch projekt\u016f, atd.\r\n\r\nSpektrum investor\u016f, pro kter\u00e9 firma dan\u00e9 akce realizovala, tvo\u0159\u00ed soukrom\u00e9 fyzick\u00e9 osoby a tuzemsk\u00e9 i zahrani\u010dn\u00ed spole\u010dnosti.\r\n\r\nS v\u00fdvojem spole\u010dnosti v \u010dase do\u0161lo k utvo\u0159en\u00ed technick\u00e9ho kolektivu na vysok\u00e9 odborn\u00e9 \u00farovni, jeho\u017e spole\u010dn\u00fdm c\u00edlem je maxim\u00e1ln\u00ed spokojenost investora a \u0159emesln\u00e1 \u010distota i t\u011bch nejmen\u0161\u00edch detail\u016f ka\u017ed\u00e9 stavby. K tomuto jsou vedeni i v\u0161ichni ostatn\u00ed zam\u011bstnanci d\u011blnick\u00fdch profes\u00ed a i okruh odborn\u00fdch subdodavatelsk\u00fdch firem, kter\u00e9 se spole\u010dn\u011b s na\u0161\u00ed firmou pod\u00edlej\u00ed na realizaci jednotliv\u00fdch zak\u00e1zek.\r\n\r\n[\/et_pb_text][\/et_pb_column][et_pb_column type=\"1_2\"][et_pb_gallery _builder_version=\"3.12\" gallery_ids=\"316,329,369,404,394,417,384,381,202\" show_title_and_caption=\"off\" fullwidth=\"on\" zoom_icon_color=\"#2ea3f2\" hover_overlay_color=\"rgba(255,255,255,0.9)\" animation_style=\"slide\" auto=\"on\" auto_speed=\"5000\" gallery_orderby=\"rand\" \/][\/et_pb_column][\/et_pb_row][\/et_pb_section]","_et_gb_content_width":""},"_links":{"self":[{"href":"https:\/\/www.brinvest.cz\/en\/wp-json\/wp\/v2\/pages\/508"}],"collection":[{"href":"https:\/\/www.brinvest.cz\/en\/wp-json\/wp\/v2\/pages"}],"about":[{"href":"https:\/\/www.brinvest.cz\/en\/wp-json\/wp\/v2\/types\/page"}],"author":[{"embeddable":true,"href":"https:\/\/www.brinvest.cz\/en\/wp-json\/wp\/v2\/users\/1"}],"replies":[{"embeddable":true,"href":"https:\/\/www.brinvest.cz\/en\/wp-json\/wp\/v2\/comments?post=508"}],"version-history":[{"count":0,"href":"https:\/\/www.brinvest.cz\/en\/wp-json\/wp\/v2\/pages\/508\/revisions"}],"wp:attachment":[{"href":"https:\/\/www.brinvest.cz\/en\/wp-json\/wp\/v2\/media?parent=508"}],"curies":[{"name":"wp","href":"https:\/\/api.w.org\/{rel}","templated":true}]}}