{"id":510,"date":"2018-08-07T10:04:12","date_gmt":"2018-08-07T08:04:12","guid":{"rendered":"http:\/\/bri.zelenakocka.com\/?page_id=510"},"modified":"2018-12-10T21:53:01","modified_gmt":"2018-12-10T20:53:01","slug":"company-profile","status":"publish","type":"page","link":"https:\/\/www.brinvest.cz\/en\/company-profile\/","title":{"rendered":"Company Profile"},"content":{"rendered":"<p>[et_pb_section bb_built=&#8221;1&#8243;][et_pb_row][et_pb_column type=&#8221;4_4&#8243;][et_pb_text _builder_version=&#8221;3.11&#8243;]<\/p>\n<h1>Company Profile<\/h1>\n<p>[\/et_pb_text][\/et_pb_column][\/et_pb_row][et_pb_row][et_pb_column type=&#8221;4_4&#8243;][et_pb_text _builder_version=&#8221;3.11&#8243;]<\/p>\n<p><strong>BR-INVEST is focused on activities concerning:<\/strong><\/p>\n<ul>\n<li>glazed curtain walls<\/li>\n<li>aluminium frame structures (doors and windows)<\/li>\n<li>inner walls<\/li>\n<li>interior fire-resistant structures<\/li>\n<li>client glass and metal structures<\/li>\n<\/ul>\n<p>Beside aluminium constructions, BR-INVEST is also active as a construction company focusing particularly on civic buildings and housing. Realisation of construction projects is guaranteed from the phase of project and design through construction and erection period until the final completion and commissiong of the project.<\/p>\n<p>[\/et_pb_text][\/et_pb_column][\/et_pb_row][\/et_pb_section]<\/p>\n","protected":false},"excerpt":{"rendered":"<p>[et_pb_section bb_built=&#8221;1&#8243;][et_pb_row][et_pb_column type=&#8221;4_4&#8243;][et_pb_text _builder_version=&#8221;3.11&#8243;] Company Profile [\/et_pb_text][\/et_pb_column][\/et_pb_row][et_pb_row][et_pb_column type=&#8221;4_4&#8243;][et_pb_text _builder_version=&#8221;3.11&#8243;] BR-INVEST is focused on activities concerning: glazed curtain walls aluminium frame structures (doors and windows) inner walls interior fire-resistant structures client glass and metal structures Beside aluminium constructions, BR-INVEST is also active as a construction company focusing particularly on civic buildings and housing. Realisation of construction [&hellip;]<\/p>\n","protected":false},"author":1,"featured_media":0,"parent":0,"menu_order":0,"comment_status":"closed","ping_status":"closed","template":"","meta":{"_et_pb_use_builder":"on","_et_pb_old_content":"<p>[et_pb_section bb_built=\"1\"][et_pb_row][et_pb_column type=\"4_4\"][et_pb_text _builder_version=\"3.11\"]<\/p><h1>O spole\u010dnosti<\/h1><p>[\/et_pb_text][\/et_pb_column][\/et_pb_row][et_pb_row][et_pb_column type=\"2_3\"][et_pb_text _builder_version=\"3.11\"]<\/p><p>Spole\u010dnost BR-INVEST je firma zalo\u017eena roku 1991 a nep\u0159etr\u017eit\u011b rozviji a zdokonaluje nab\u00eddku stavebn\u00edch pr\u00e1ci a slu\u017eeb ve stavebnictv\u00ed. Po kr\u00e1tk\u00e9m \u010dase svoje p\u016fsobeni, v\u00a0roce roz\u0161\u00ed\u0159ila o v\u00fdrobu hlin\u00edkov\u00fdch konstrukci a od roku 1995 se rozv\u00edj\u00edme a zdokonalujeme v\u00a0realizaci lehk\u00fdch obvodov\u00fdch pl\u00e1\u0161\u0165\u016f, vnit\u0159n\u00edch prosklen\u00fdch konstrukci a jin\u00fdch atypick\u00fdch konstrukci.<\/p><p>Spole\u010dnost BR-INVEST spol. s r. o. je slo\u017eena z\u00a0dvou odd\u011bleni, stavebn\u00ed odd\u011bleni a hlinkov\u00e9 odd\u011bleni. Hlinkov\u00e9 odd\u011blen\u00ed se zam\u011b\u0159uje na v\u00fdrobu a mont\u00e1\u017e prosklen\u00fdch obvodov\u00fdch pl\u00e1\u0161\u0165\u016f budov, v\u00fdrobu a mont\u00e1\u017e r\u00e1mov\u00fdch konstrukc\u00ed oken a dve\u0159\u00ed, st\u0159e\u0161n\u00edch sv\u011btl\u00edk\u016f, zimn\u00edch zahrad a interi\u00e9rov\u00fdch prosklen\u00fdch p\u0159\u00ed\u010dek. Hlin\u00edkov\u00e9 odd\u011blen\u00ed BR-INVEST spol. s r. o. realizuje zak\u00e1zky\u00a0 formou komplexn\u00ed uceleni nebo d\u00edl\u010d\u00ed dod\u00e1vky obvodov\u00e9ho pl\u00e1\u0161t\u011b.<\/p><p><img class=\"alignnone size-full wp-image-460\" src=\"https:\/\/www.brinvest.cz\/wp-content\/uploads\/2018\/08\/konstrukce-deco-02.jpg\" alt=\"\" width=\"1200\" height=\"686\" \/><\/p><p>Hlin\u00edk je materi\u00e1l kter\u00fd v\u00a0sou\u010dasnosti a v\u00a0budoucnosti v\u00a0architektu\u0159e a ve stavebnictv\u00ed umo\u017e\u0148uje nove mo\u017enosti a nove dimenze. V\u00a0kombinaci se sklem, oceli a jin\u00fdmi \u0161pi\u010dkov\u00fdmi materi\u00e1ly spolu s \u00a0kreativitou a odvahou architektu vznikaj\u00ed realizace kter\u00fd osl\u0148uji vzhledem,\u00a0 svoji funk\u010dnosti a trvanlivosti.<\/p><p>Zak\u00e1zky realizujeme od po\u010d\u00e1te\u010dn\u00edho poradenstv\u00ed, projektovan\u00ed v\u010d. statick\u00e9ho v\u00fdpo\u010dtu, p\u0159es v\u00fdrobu, koordinaci a dod\u00e1vku dal\u0161\u00edch subdodavatel\u016f a\u017e po kone\u010dnou mont\u00e1\u017e. Vzhledem k pou\u017e\u00edvan\u00fdm materi\u00e1l\u016fm a technologi\u00edm v\u011bnujeme velkou pozornost projekci a p\u0159\u00edprav\u011b v\u00fdroby. Vyu\u017e\u00edv\u00e1n\u00ed odpov\u00eddaj\u00edc\u00edch po\u010d\u00edta\u010dov\u00fdch programu je samoz\u0159ejmost\u00ed jak v\u00a0nab\u00eddkov\u011b a projek\u010dn\u00ed etap\u011b realizace zak\u00e1zky, rovn\u011b\u017e v procesu organizace a \u0159\u00edzen\u00ed v\u00fdroby a mont\u00e1\u017ee, v administrativ\u011b i ekonomick\u00e9 oblasti.<\/p><p>Dlouhodoba pr\u00e1ce a zku\u0161enosti\u00a0 se hlinikovymy profily a sklem nam umo\u017enuji se st\u00e1le rozvijet\u00a0 a realizovat skoro ka\u017edy navrh a ideu.\u00a0 Ziskane znalosti z\u00a0realizaci atypick\u00fdch a neobvyklich konstrukci\u00a0 su i dukaz \u017ee jsme st\u00e1le rozhodnuti jit smerem k\u00a0realizaci kompletn\u00edho opla\u0161teni budov \u201e na kli\u010d\u201c a jinich architektonicky naro\u010dnich projektu bez ohledu na velikost a rozsah.<\/p><p>Realizace velice zaj\u00edmav\u00fdch objektu je d\u016fkaz na\u0161eho rozhodnuti se st\u00e1le zlep\u0161ovat a j\u00edt kup\u0159edu, a to vlastn\u00edm v\u00fdvojem a na z\u00e1klad\u011b zku\u0161enost\u00ed z\u00a0realizovan\u00fdch zak\u00e1zek. Realizac\u00ed zak\u00e1zek v\u00a0odpov\u00eddaj\u00edc\u00ed kvalit\u011b a term\u00ednech po\u017eadovan\u00fdch zadavateli.<\/p><p>P\u0159i v\u00fdrob\u011b obvodov\u00fdch pl\u00e1\u0161\u0165\u016f a vnit\u0159n\u00edch konstrukc\u00ed budov pou\u017e\u00edv\u00e1 firma BR-INVEST p\u0159edev\u0161\u00edm hlin\u00edkov\u00e9 syst\u00e9my, kter\u00e9 umo\u017e\u0148uj\u00ed spln\u011bn\u00ed po\u017eadavk\u016f projektanta a p\u0159\u00e1n\u00ed investora tak\u00e9 u atypick\u00fdch zak\u00e1zek. P\u0159ednost\u00ed vybran\u00fdch syst\u00e9m\u016f je jejich komplexnost a dokonalost technick\u00fdch detail\u016f, vysok\u00e1 kvalita, dobr\u00e9 \u0159e\u0161en\u00ed tepeln\u00fdch most\u016f, statick\u00e9 vlastnosti, zp\u016fsob opracov\u00e1n\u00ed a rychl\u00e1 mont\u00e1\u017e.<\/p><p>Pou\u017eit\u00e9 syst\u00e9my umo\u017e\u0148uj\u00ed syst\u00e9mov\u00e9 \u0159e\u0161en\u00ed modern\u00edch architektonick\u00fdch po\u017eadavk\u016f, a to jak designov\u00e9, tak i technick\u00e9. Syst\u00e9mov\u00e9 profily umo\u017e\u0148uj\u00ed vyhov\u011bt trendu velkoplo\u0161n\u00fdch prosklen\u00fdch fas\u00e1d syst\u00e9movou konstrukc\u00ed, kter\u00e1 odpov\u00edd\u00e1 tepeln\u011b izola\u010dn\u00edm po\u017eadavk\u016fm dle platn\u00fdch norem.<\/p><p>P\u0159i realizaci povrchov\u00e9 \u00fapravy hlin\u00edkov\u00fdch profil\u016f lze volit z odst\u00edn\u016f RAL a ELOX.<\/p><p>[\/et_pb_text][\/et_pb_column][et_pb_column type=\"1_3\"][et_pb_text admin_label=\"Program a produkty\" _builder_version=\"3.11\"]<\/p><h3>Program a produkty:<\/h3><ul><li>Kompletn\u00ed dod\u00e1vka obvodov\u00e9ho pl\u00e1\u0161t\u011b v\u010d. koordinace subdod\u00e1vek<\/li><li>Hlin\u00edkov\u00e1 fas\u00e1da:<ol><li>Standardn\u00ed rastrov\u00e9 fas\u00e1dy<\/li><li>Polostruktur\u00e1ln\u00ed fas\u00e1dy<\/li><li>Struktur\u00e1ln\u00ed fas\u00e1dy<\/li><\/ol><\/li><li>Hlin\u00edkov\u00e1 okna a dve\u0159e, v\u00fdkladce<\/li><li>Zimn\u00ed zahrady<\/li><li>Interi\u00e9rov\u00e9 p\u0159\u00ed\u010dky<\/li><li>Protipo\u017e\u00e1rn\u00ed konstrukce<\/li><li>Z\u00e1ru\u010dn\u00ed a poz\u00e1ru\u010dn\u00ed servis<\/li><\/ul><p><strong>Vlastn\u00edch kapacit:<\/strong><\/p><ul><li>N\u00e1vrh a projedn\u00e1n\u00ed technick\u00e9ho \u0159e\u0161en\u00ed v\u010detn\u011b statick\u00fdch a tepeln\u011b technick\u00fdch \u0159e\u0161en\u00ed a v\u00fdpo\u010dt\u016f<\/li><li>Zpracov\u00e1n\u00ed projektov\u00e9 dokumentace:<ul><li>schvalovac\u00ed<\/li><li>mont\u00e1\u017en\u00ed<\/li><li>v\u00fdrobn\u00ed<\/li><li>skute\u010dn\u00e9ho proveden\u00ed<\/li><\/ul><\/li><li>V\u00fdroba:<ul><li>opracov\u00e1n\u00ed jednotliv\u00fdch prvk\u016f<\/li><li>kompletace<\/li><\/ul><\/li><li>P\u0159\u00edprava realizace zak\u00e1zky<\/li><li>\u0158\u00edzen\u00ed mont\u00e1\u017en\u00edch prac\u00ed<\/li><li>Z\u00e1ru\u010dn\u00ed a poz\u00e1ru\u010dn\u00ed servis<\/li><\/ul><p><strong>Extern\u00edch dlouhodob\u011b kooperuj\u00edc\u00edch firem:<\/strong><\/p><ul><li>Demont\u00e1\u017e a ekologickou likvidaci st\u00e1vaj\u00edc\u00edho nevyhovuj\u00edc\u00edho opl\u00e1\u0161t\u011bn\u00ed<\/li><li>Mont\u00e1\u017en\u00ed pr\u00e1ce<\/li><li>Pomocn\u00e9 ocelov\u00e9 konstrukce<\/li><li>St\u00edn\u00edc\u00ed syst\u00e9my<\/li><li>Za\u0159\u00edzen\u00ed pro odvod tepla a kou\u0159e<\/li><li>Automatick\u00e9 dve\u0159e a karusely<\/li><li>P\u0159\u00edstupov\u00e9 syst\u00e9my pro \u00fadr\u017ebu fas\u00e1d<\/li><li>Prov\u011btr\u00e1van\u00e9 fas\u00e1dy s keramick\u00fdm, kamenn\u00fdm, d\u0159ev\u011bn\u00fdm a p\u0159edev\u0161\u00edm s alucobondov\u00fdm opl\u00e1\u0161t\u011bn\u00edm<\/li><\/ul><p>[\/et_pb_text][et_pb_text admin_label=\"Mont\u00e1\u017en\u00ed d\u00edlna\" _builder_version=\"3.11\"]<\/p><h3>Mont\u00e1\u017en\u00ed d\u00edlna<\/h3><p>Sou\u010d\u00e1st\u00ed firmy BR-INVEST spol. s r. o. je mont\u00e1\u017en\u00ed d\u00edlna, kter\u00e1 se nach\u00e1z\u00ed v Praze 10 \u2013 Doln\u00ed M\u011bcholupy, Kutnohorsk\u00e1 426.<\/p><p>D\u00edlna je vybavena za\u0159\u00edzen\u00edm a n\u00e1\u0159ad\u00edm od renomovan\u00fdch\u00a0 specializovan\u00fdch firem zam\u011b\u0159en\u00fdch na produkci stroj\u016f pro v\u00fdrobu prosklen\u00fdch hlin\u00edkov\u00fdch konstrukc\u00ed. Nov\u011b je d\u00edlna vybavena CNC strojem SBZ 122 od firmy Elumatec.<\/p><p>Mont\u00e1\u017en\u00ed \u010dety jsou odborn\u011b vy\u0161koleny a pracuj\u00ed p\u0159i kompletaci zak\u00e1zek s kvalitn\u00edmi n\u00e1stroji.<\/p><p>Orientace na v\u00fdvoj, inovace, zku\u0161enost, zodpov\u011bdnost v\u016f\u010di z\u00e1kazn\u00edku a \u017eivotn\u00edm prost\u0159ed\u00ed, nakl\u00e1d\u00e1ni s\u00a0energii jsou vlastnosti zam\u011bstnanc\u016f BR-INVEST.<\/p><p>[\/et_pb_text][\/et_pb_column][\/et_pb_row][\/et_pb_section]<\/p>","_et_gb_content_width":""},"_links":{"self":[{"href":"https:\/\/www.brinvest.cz\/en\/wp-json\/wp\/v2\/pages\/510"}],"collection":[{"href":"https:\/\/www.brinvest.cz\/en\/wp-json\/wp\/v2\/pages"}],"about":[{"href":"https:\/\/www.brinvest.cz\/en\/wp-json\/wp\/v2\/types\/page"}],"author":[{"embeddable":true,"href":"https:\/\/www.brinvest.cz\/en\/wp-json\/wp\/v2\/users\/1"}],"replies":[{"embeddable":true,"href":"https:\/\/www.brinvest.cz\/en\/wp-json\/wp\/v2\/comments?post=510"}],"version-history":[{"count":0,"href":"https:\/\/www.brinvest.cz\/en\/wp-json\/wp\/v2\/pages\/510\/revisions"}],"wp:attachment":[{"href":"https:\/\/www.brinvest.cz\/en\/wp-json\/wp\/v2\/media?parent=510"}],"curies":[{"name":"wp","href":"https:\/\/api.w.org\/{rel}","templated":true}]}}