{"id":512,"date":"2018-08-07T10:04:51","date_gmt":"2018-08-07T08:04:51","guid":{"rendered":"http:\/\/bri.zelenakocka.com\/?page_id=512"},"modified":"2021-05-11T09:37:58","modified_gmt":"2021-05-11T07:37:58","slug":"contact","status":"publish","type":"page","link":"https:\/\/www.brinvest.cz\/en\/contact\/","title":{"rendered":"Contact"},"content":{"rendered":"<p>[et_pb_section fb_built=&#8221;1&#8243; _builder_version=&#8221;3.22&#8243;][et_pb_row _builder_version=&#8221;3.25&#8243; background_size=&#8221;initial&#8221; background_position=&#8221;top_left&#8221; background_repeat=&#8221;repeat&#8221;][et_pb_column type=&#8221;4_4&#8243; _builder_version=&#8221;3.0.47&#8243; custom_padding=&#8221;|||&#8221; custom_padding__hover=&#8221;|||&#8221;][et_pb_text admin_label=&#8221;Kontakt nadpis&#8221; _builder_version=&#8221;3.27.4&#8243;]<\/p>\n<h1>Contact<\/h1>\n<p>[\/et_pb_text][\/et_pb_column][\/et_pb_row][et_pb_row make_equal=&#8221;on&#8221; _builder_version=&#8221;3.25&#8243; background_size=&#8221;initial&#8221; background_position=&#8221;top_left&#8221; background_repeat=&#8221;repeat&#8221; column_structure=&#8221;1_2,1_2&#8243;][et_pb_column type=&#8221;1_2&#8243; _builder_version=&#8221;3.25&#8243; custom_padding=&#8221;|||&#8221; custom_padding__hover=&#8221;|||&#8221;][et_pb_text _builder_version=&#8221;3.27.4&#8243;]<\/p>\n<p>\n<strong class=\"blue\">BR-INVEST spol. s r.o.<\/strong><br \/>Sinkulova 48<br \/>140 00 Praha 4<br \/>email: brinvest@brinvest.cz<\/p>\n<p>I\u010c: 40613526<br \/>DI\u010c: CZ40613526<\/p>\n<p>[\/et_pb_text][et_pb_code _builder_version=&#8221;4.9.4&#8243; _module_preset=&#8221;default&#8221; hover_enabled=&#8221;0&#8243; sticky_enabled=&#8221;0&#8243;]<iframe src=\"https:\/\/www.google.com\/maps\/embed?pb=!1m18!1m12!1m3!1d2561.520506237714!2d14.427770615888631!3d50.0578130234588!2m3!1f0!2f0!3f0!3m2!1i1024!2i768!4f13.1!3m3!1m2!1s0x470b94701eb25c6d%3A0x7b39d20396f1c774!2sSinkulova%2048%2C%20140%2000%20Praha%204-Nusle!5e0!3m2!1scs!2scz!4v1620718646737!5m2!1scs!2scz\" width=\"100%\" height=\"350\" style=\"border:0;\" allowfullscreen=\"\" loading=\"lazy\"><\/iframe>[\/et_pb_code][et_pb_map address=&#8221;Sinkulova 48, 140 00 Praha 4-Nusle, \u010cesko&#8221; zoom_level=&#8221;16&#8243; address_lat=&#8221;50.0578096&#8243; address_lng=&#8221;14.429959300000064&#8243; _builder_version=&#8221;4.9.4&#8243; hover_enabled=&#8221;0&#8243; disabled_on=&#8221;on|on|on&#8221; disabled=&#8221;on&#8221; sticky_enabled=&#8221;0&#8243;][et_pb_map_pin title=&#8221;BR-INVEST spol. s r.o.&#8221; pin_address=&#8221;Sinkulova 48, 140 00 Praha 4-Nusle, \u010cesko&#8221; pin_address_lat=&#8221;50.0578096&#8243; pin_address_lng=&#8221;14.429959300000064&#8243; _builder_version=&#8221;3.11&#8243;][\/et_pb_map_pin][\/et_pb_map][\/et_pb_column][et_pb_column type=&#8221;1_2&#8243; _builder_version=&#8221;3.25&#8243; custom_padding=&#8221;|||&#8221; custom_padding__hover=&#8221;|||&#8221;][et_pb_text _builder_version=&#8221;3.27.4&#8243;]<\/p>\n<p>\n<strong>Legal representative:<\/strong><br \/>Borisav Raki\u010d<\/p>\n<p><strong>Office:<\/strong><br \/>tel.: +420 608 431 258<br \/>tel.: +420 241 402 031<\/p>\n<p><strong>Aluminium curtain walls:<\/strong><br \/>Ing. arch. Dragana \u017ddrale<br \/>Head of Business-Technical Department<br \/>tel.: +420 602 590 782<\/p>\n<p>Michael T\u016fma<br \/>Head of Project-Technical Department<br \/>tel.: +420 721 946 016<\/p>\n<p><strong>Construction works:<\/strong><br \/>tel.: +420 608 431 258<\/p>\n<p>[\/et_pb_text][\/et_pb_column][\/et_pb_row][\/et_pb_section][et_pb_section fb_built=&#8221;1&#8243; _builder_version=&#8221;3.22&#8243; background_color=&#8221;#f2f2f2&#8243;][et_pb_row _builder_version=&#8221;3.25&#8243; column_structure=&#8221;1_3,1_3,1_3&#8243;][et_pb_column type=&#8221;1_3&#8243; _builder_version=&#8221;3.0.47&#8243; background_color=&#8221;#e8e8e8&#8243; custom_padding=&#8221;|||&#8221; custom_padding__hover=&#8221;|||&#8221;][et_pb_text _builder_version=&#8221;3.27.4&#8243; width=&#8221;80%&#8221; max_width=&#8221;1080px&#8221;]<\/p>\n<p>\n<strong class=\"blue\">Production &amp; Assembling workroom<\/strong><br \/>Kutnohorsk\u00e1 426<br \/>109 00 Praha 10<\/p>\n<p>campus of Pr\u016fmstav<br \/>gate \u010d. 1<\/p>\n<p>[\/et_pb_text][\/et_pb_column][et_pb_column type=&#8221;1_3&#8243; _builder_version=&#8221;3.0.47&#8243; background_color=&#8221;#e8e8e8&#8243; custom_padding=&#8221;|||&#8221; custom_padding__hover=&#8221;|||&#8221;][et_pb_map address=&#8221;Kutnohorsk\u00e1 426\/84, 109 00 Praha-Doln\u00ed M\u011bcholupy, \u010cesko&#8221; zoom_level=&#8221;16&#8243; address_lat=&#8221;50.0472779&#8243; address_lng=&#8221;14.572931299999937&#8243; _builder_version=&#8221;4.9.4&#8243; hover_enabled=&#8221;0&#8243; disabled_on=&#8221;on|on|on&#8221; disabled=&#8221;on&#8221; sticky_enabled=&#8221;0&#8243;][et_pb_map_pin title=&#8221;V\u00fdrobn\u00ed a mont\u00e1\u017en\u00ed d\u00edlna&#8221; pin_address=&#8221;Kutnohorsk\u00e1 426\/84, 109 00 Praha-Doln\u00ed M\u011bcholupy, \u010cesko&#8221; pin_address_lat=&#8221;50.0472779&#8243; pin_address_lng=&#8221;14.572931299999937&#8243; _builder_version=&#8221;3.11&#8243;][\/et_pb_map_pin][\/et_pb_map][et_pb_code _builder_version=&#8221;4.9.4&#8243; _module_preset=&#8221;default&#8221; hover_enabled=&#8221;0&#8243; sticky_enabled=&#8221;0&#8243;]<iframe src=\"https:\/\/www.google.com\/maps\/embed?pb=!1m18!1m12!1m3!1d2562.0827398491206!2d14.570742615888303!3d50.04728132421341!2m3!1f0!2f0!3f0!3m2!1i1024!2i768!4f13.1!3m3!1m2!1s0x470b8d9ceb15e4ff%3A0xbbdc2b3d94d5af1f!2sKutnohorsk%C3%A1%20426%2C%20109%2000%20Praha-Doln%C3%AD%20M%C4%9Bcholupy!5e0!3m2!1scs!2scz!4v1620718472322!5m2!1scs!2scz\" width=\"100%\" height=\"350\" style=\"border:0;\" allowfullscreen=\"\" loading=\"lazy\"><\/iframe>[\/et_pb_code][\/et_pb_column][et_pb_column type=&#8221;1_3&#8243; _builder_version=&#8221;3.0.47&#8243; background_color=&#8221;#e8e8e8&#8243; custom_padding=&#8221;|||&#8221; custom_padding__hover=&#8221;|||&#8221;][et_pb_text _builder_version=&#8221;3.27.4&#8243; width=&#8221;80%&#8221; max_width=&#8221;1080px&#8221;]<\/p>\n<p>\n<strong>Production and assembly:<\/strong><br \/>Roman Kova\u0159\u00edk<br \/>tel.: +420 720 021 822<\/p>\n<p>[\/et_pb_text][\/et_pb_column][\/et_pb_row][\/et_pb_section]<\/p>\n","protected":false},"excerpt":{"rendered":"<p>[et_pb_section fb_built=&#8221;1&#8243; _builder_version=&#8221;3.22&#8243;][et_pb_row _builder_version=&#8221;3.25&#8243; background_size=&#8221;initial&#8221; background_position=&#8221;top_left&#8221; background_repeat=&#8221;repeat&#8221;][et_pb_column type=&#8221;4_4&#8243; _builder_version=&#8221;3.0.47&#8243; custom_padding=&#8221;|||&#8221; custom_padding__hover=&#8221;|||&#8221;][et_pb_text admin_label=&#8221;Kontakt nadpis&#8221; _builder_version=&#8221;3.27.4&#8243;] Contact [\/et_pb_text][\/et_pb_column][\/et_pb_row][et_pb_row make_equal=&#8221;on&#8221; _builder_version=&#8221;3.25&#8243; background_size=&#8221;initial&#8221; background_position=&#8221;top_left&#8221; background_repeat=&#8221;repeat&#8221; column_structure=&#8221;1_2,1_2&#8243;][et_pb_column type=&#8221;1_2&#8243; _builder_version=&#8221;3.25&#8243; custom_padding=&#8221;|||&#8221; custom_padding__hover=&#8221;|||&#8221;][et_pb_text _builder_version=&#8221;3.27.4&#8243;] BR-INVEST spol. s r.o.Sinkulova 48140 00 Praha 4email: brinvest@brinvest.cz I\u010c: 40613526DI\u010c: CZ40613526 [\/et_pb_text][et_pb_code _builder_version=&#8221;4.9.4&#8243; _module_preset=&#8221;default&#8221; hover_enabled=&#8221;0&#8243; sticky_enabled=&#8221;0&#8243;][\/et_pb_code][et_pb_map address=&#8221;Sinkulova 48, 140 00 Praha 4-Nusle, \u010cesko&#8221; zoom_level=&#8221;16&#8243; address_lat=&#8221;50.0578096&#8243; address_lng=&#8221;14.429959300000064&#8243; _builder_version=&#8221;4.9.4&#8243; [&hellip;]<\/p>\n","protected":false},"author":1,"featured_media":0,"parent":0,"menu_order":0,"comment_status":"closed","ping_status":"closed","template":"","meta":{"_et_pb_use_builder":"on","_et_pb_old_content":"<p>[et_pb_section bb_built=\"1\" _builder_version=\"3.0.47\" next_background_color=\"#f2f2f2\"][et_pb_row _builder_version=\"3.0.48\" background_size=\"initial\" background_position=\"top_left\" background_repeat=\"repeat\"][et_pb_column type=\"4_4\"][et_pb_text admin_label=\"Kontakt nadpis\" _builder_version=\"3.11\"]<\/p><h1>Kontakt<\/h1><p>[\/et_pb_text][\/et_pb_column][\/et_pb_row][et_pb_row _builder_version=\"3.11\" background_size=\"initial\" background_position=\"top_left\" background_repeat=\"repeat\" background_color_3=\"#e8e8e8\" padding_top_3=\"2em\" padding_right_3=\"1em\" padding_bottom_3=\"1.5em\" padding_left_3=\"1em\" make_equal=\"on\"][et_pb_column type=\"1_3\"][et_pb_text _builder_version=\"3.11\"]<\/p><p><strong class=\"blue\">BR-INVEST spol. s r.o.<\/strong><br \/>Sinkulova 48<br \/>140 00 Praha 4<br \/>email: brinvest@brinvest.cz<\/p><p>I\u010c: 40613526<br \/>DI\u010c: CZ40613526<\/p><p>[\/et_pb_text][et_pb_map _builder_version=\"3.11\" address_lat=\"50.0578096\" address_lng=\"14.429959300000064\" address=\"Sinkulova 48, 140 00 Praha 4-Nusle, \u010cesko\" zoom_level=\"16\"][et_pb_map_pin _builder_version=\"3.11\" zoom_level=\"18\" pin_address_lat=\"50.0578096\" pin_address_lng=\"14.429959300000064\" title=\"BR-INVEST spol. s r.o.\" pin_address=\"Sinkulova 48, 140 00 Praha 4-Nusle, \u010cesko\" \/][\/et_pb_map][\/et_pb_column][et_pb_column type=\"1_3\"][et_pb_text _builder_version=\"3.11\"]<\/p><p><strong>Veden\u00ed spole\u010dnosti:<\/strong><br \/>Borisav Raki\u010d<\/p><p><strong>Kancel\u00e1\u0159 spole\u010dnosti:<\/strong><br \/>tel.: +420 608 431 258<br \/>tel.: +420 241 402 031<\/p><p><strong>\u00datvar hlin\u00edkov\u00fdch konstrukc\u00ed:<\/strong><br \/>Ing. arch. Dragana \u017ddrale<br \/>vedouc\u00ed obchodn\u011b-technick\u00e9ho odd\u011blen\u00ed<br \/>tel.: +420 602 590 782<\/p><p>Michael T\u016fma<br \/>projek\u010dn\u011b-technick\u00e9 odd\u011blen\u00ed<br \/>tel.: +420 721 946 016<\/p><p><strong>Stavebn\u00ed \u00fatvar:<\/strong><br \/>tel.: +420 608 431 258<\/p><p>[\/et_pb_text][\/et_pb_column][et_pb_column type=\"1_3\"][et_pb_contact_form captcha=\"off\" submit_button_text=\"Odeslat\" form_background_color=\"#ffffff\" module_id=\"et_pb_contact_form_0\" _builder_version=\"3.11\" title_font_size=\"22px\" title_font_size_phone=\"36px\" title_font_size_last_edited=\"on|phone\" form_field_font=\"Arimo||||||||\" custom_button=\"on\" button_text_size=\"14px\" button_text_color=\"#ffffff\" button_letter_spacing=\"1px\" button_font=\"|700||on|||||\" button_icon=\"%%3%%\" button_text_color_hover=\"#ffffff\" button_bg_color_hover=\"#2a2a2a\" button_border_color_hover=\"#2a2a2a\" title_level=\"h3\" button_bg_color=\"#0388C1\" success_message=\"Zpr\u00e1va byla \u00fasp\u011b\u0161n\u011b odesl\u00e1na.\" title=\"Kontaktujte n\u00e1s\" email=\"brinvest@brinvest.cz\"][et_pb_contact_field field_id=\"Name\" field_title=\"Jm\u00e9no\" fullwidth_field=\"on\" _builder_version=\"3.11\" form_field_font=\"||||||||\"][\/et_pb_contact_field][et_pb_contact_field field_id=\"Email\" field_title=\"E-mail\" field_type=\"email\" fullwidth_field=\"on\" _builder_version=\"3.11\" form_field_font=\"||||||||\"][\/et_pb_contact_field][et_pb_contact_field field_id=\"Message\" field_title=\"Zpr\u00e1va\" field_type=\"text\" fullwidth_field=\"on\" _builder_version=\"3.11\" form_field_font=\"||||||||\"][\/et_pb_contact_field][\/et_pb_contact_form][\/et_pb_column][\/et_pb_row][\/et_pb_section][et_pb_section bb_built=\"1\" _builder_version=\"3.11\" background_color=\"#f2f2f2\" prev_background_color=\"#ffffff\"][et_pb_row _builder_version=\"3.11\"][et_pb_column type=\"1_3\"][et_pb_text _builder_version=\"3.11\"]<\/p><p><strong class=\"blue\">V\u00fdrobn\u00ed a mont\u00e1\u017en\u00ed d\u00edlna<\/strong><br \/>Kutnohorsk\u00e1 426<br \/>109 00 Praha 10<\/p><p>are\u00e1l Pr\u016fmstavu<br \/>vr\u00e1tnice \u010d. 1<\/p><p>[\/et_pb_text][\/et_pb_column][et_pb_column type=\"1_3\"][et_pb_map _builder_version=\"3.11\" address_lat=\"50.0472779\" address_lng=\"14.572931299999937\" address=\"Kutnohorsk\u00e1 426\/84, 109 00 Praha-Doln\u00ed M\u011bcholupy, \u010cesko\" zoom_level=\"16\"][et_pb_map_pin _builder_version=\"3.11\" zoom_level=\"18\" pin_address_lat=\"50.0472779\" pin_address_lng=\"14.572931299999937\" title=\"V\u00fdrobn\u00ed a mont\u00e1\u017en\u00ed d\u00edlna\" pin_address=\"Kutnohorsk\u00e1 426\/84, 109 00 Praha-Doln\u00ed M\u011bcholupy, \u010cesko\" \/][\/et_pb_map][\/et_pb_column][et_pb_column type=\"1_3\"][et_pb_text _builder_version=\"3.11\"]<\/p><p><strong>V\u00fdroba a mont\u00e1\u017e:<\/strong><br \/>Roman Kova\u0159\u00edk<br \/>tel.: +420 720 021 822<\/p><p>[\/et_pb_text][\/et_pb_column][\/et_pb_row][\/et_pb_section]<\/p>","_et_gb_content_width":""},"_links":{"self":[{"href":"https:\/\/www.brinvest.cz\/en\/wp-json\/wp\/v2\/pages\/512"}],"collection":[{"href":"https:\/\/www.brinvest.cz\/en\/wp-json\/wp\/v2\/pages"}],"about":[{"href":"https:\/\/www.brinvest.cz\/en\/wp-json\/wp\/v2\/types\/page"}],"author":[{"embeddable":true,"href":"https:\/\/www.brinvest.cz\/en\/wp-json\/wp\/v2\/users\/1"}],"replies":[{"embeddable":true,"href":"https:\/\/www.brinvest.cz\/en\/wp-json\/wp\/v2\/comments?post=512"}],"version-history":[{"count":1,"href":"https:\/\/www.brinvest.cz\/en\/wp-json\/wp\/v2\/pages\/512\/revisions"}],"predecessor-version":[{"id":1329,"href":"https:\/\/www.brinvest.cz\/en\/wp-json\/wp\/v2\/pages\/512\/revisions\/1329"}],"wp:attachment":[{"href":"https:\/\/www.brinvest.cz\/en\/wp-json\/wp\/v2\/media?parent=512"}],"curies":[{"name":"wp","href":"https:\/\/api.w.org\/{rel}","templated":true}]}}