{"id":535,"date":"2018-08-07T10:32:28","date_gmt":"2018-08-07T08:32:28","guid":{"rendered":"http:\/\/bri.zelenakocka.com\/?page_id=535"},"modified":"2018-12-10T22:34:05","modified_gmt":"2018-12-10T21:34:05","slug":"aluminium-curtain-walls-references","status":"publish","type":"page","link":"https:\/\/www.brinvest.cz\/en\/aluminium-curtain-walls-references\/","title":{"rendered":"Aluminium curtain walls references"},"content":{"rendered":"<p>[et_pb_section bb_built=&#8221;1&#8243;][et_pb_row][et_pb_column type=&#8221;4_4&#8243;][et_pb_text admin_label=&#8221;Aluminium curtain walls references&#8221; _builder_version=&#8221;3.11&#8243;]<\/p>\n<h1>Aluminium curtain walls references<\/h1>\n<p>[\/et_pb_text][et_pb_text _builder_version=&#8221;3.11&#8243;]<\/p>\n<p>&nbsp;<\/p>\n<h3>Complete references of realised projects:<\/h3>\n<ul>\n<li>Hlubo\u010dinka \u2013 family house, aluminium frame structures<\/li>\n<li>Horom\u011b\u0159ice \u2013 completion of a family house, including winter garden<\/li>\n<li>Jesenice-Osnice \u2013 winter garden<\/li>\n<li>Prague 1 \u2013 new entrances for glass store on the corner of Melantrichov\u00e1 and Michalsk\u00e1 street<\/li>\n<li>Prague 1, Hrad\u010dansk\u00e9 n\u00e1m., Archibiskupsk\u00fd palac \u2013 complete reconstruction of balconies<\/li>\n<li>Prague 1, Hrad\u010dansk\u00e9 n\u00e1m., Archibiskupsk\u00fd palac \u2013 passenger elevator reconstruction glazed aluminium inner separation wall<\/li>\n<li>Prague 1, Mysl\u00edkova ul. 31 \u2013 administrative building \u2013 reconstruction of object including glazed fa\u00e7ade, reconstruction of office space for COMMERZBANK and RAIFFEISENBANK<\/li>\n<li>Prague 1, N\u00e1rodn\u00ed 15 \u2013 supply and installation of interior aluminium walls<\/li>\n<li>Prague 1, Pa\u0159\u00ed\u017esk\u00e1 6 \u2013 reconstruction of HUGO BOSS store for S\u00c1GA TRADE company<\/li>\n<li>Prague 1, Pa\u0159\u00ed\u017esk\u00e1 6 \u2013 reconstruction of S\u00c1GA TRADE company store<\/li>\n<li>Prague 1, V\u00e1ckavsk\u00e9 n\u00e1m. \u2013 branch office of \u010cS Spo\u0159itelna (savings bank)<\/li>\n<li>Prague 1, Starom\u011bstsk\u00e9 n\u00e1m. 22 \u2013 skylight atrium<\/li>\n<li>Prague 1, Starom\u011bstsk\u00e9 n\u00e1m. 26 \u2013 new store entrance<\/li>\n<li>Prague 2, Rejskova 14 \u2013 winter garden<\/li>\n<li>Prague 3-Paruk\u00e1\u0159ka \u2013 two winter gardens<\/li>\n<li>Prague 4, Rozvodov\u00e1 352 \u2013 winter garden<\/li>\n<li>Prague 5 \u2013 reconstruction of sports hall and ERPET Golf Centrum area (former Tatra Sm\u00edchov sports hall)<\/li>\n<li>Prague 5 \u2013 family house, aluminium frame structures<\/li>\n<li>Prague 5, ul. Na srpe\u010dku \u2013 winter garden<\/li>\n<li>Prague 6 \u2013 Airport Ruzyn\u011b \u2013 supply and installation of aluminium works parts (partitions, restaurants, boutiques, casino)<\/li>\n<li>Prague 6 \u2013 Airport Ruzyn\u011b \u2013 curtain wall reconstruction of administrative building and cafeteria of Hangar F<\/li>\n<li>Prague 6 \u2013 Airport Ruzyn\u011b \u2013 reconstruction of HUGO BOSS store in transit area<\/li>\n<li>Prague 6 \u2013 Airport Ruzyn\u011b \u2013 glazed internal walls and partitions of a representative room<\/li>\n<li>Prague 6 \u2013 Casinos at metro stations Hrad\u010dansk\u00e1, Sm\u00edchovsk\u00e9 n\u00e1dra\u017e\u00ed, N\u00e1dra\u017e\u00ed Hole\u0161ovice and Stod\u016flky<\/li>\n<li>Prague 6, ul. Na Kodymce \u2013 winter garden<\/li>\n<li>Prague 8, Sokolovsk\u00e1 26 \u2013 winter garden<\/li>\n<li>Prague 8, Tusarova \u2013 glazed roof construction<\/li>\n<li>P\u0159ezletice \u2013 family house, aluminium frame structures<\/li>\n<\/ul>\n<p>[\/et_pb_text][\/et_pb_column][\/et_pb_row][\/et_pb_section]<\/p>\n","protected":false},"excerpt":{"rendered":"<p>[et_pb_section bb_built=&#8221;1&#8243;][et_pb_row][et_pb_column type=&#8221;4_4&#8243;][et_pb_text admin_label=&#8221;Aluminium curtain walls references&#8221; _builder_version=&#8221;3.11&#8243;] Aluminium curtain walls references [\/et_pb_text][et_pb_text _builder_version=&#8221;3.11&#8243;] &nbsp; Complete references of realised projects: Hlubo\u010dinka \u2013 family house, aluminium frame structures Horom\u011b\u0159ice \u2013 completion of a family house, including winter garden Jesenice-Osnice \u2013 winter garden Prague 1 \u2013 new entrances for glass store on the corner of Melantrichov\u00e1 and [&hellip;]<\/p>\n","protected":false},"author":1,"featured_media":0,"parent":0,"menu_order":0,"comment_status":"closed","ping_status":"closed","template":"","meta":{"_et_pb_use_builder":"on","_et_pb_old_content":"<p>[et_pb_section bb_built=\"1\"][et_pb_row][et_pb_column type=\"4_4\"][et_pb_text admin_label=\"Aluminium curtain walls references\" _builder_version=\"3.11\"]<\/p><h1>Aluminium curtain walls references<\/h1><p>[\/et_pb_text][et_pb_text _builder_version=\"3.11\"]<\/p><p>\u00a0<\/p><h3>Complete references of realised projects:<\/h3><ul><li>Hlubo\u010dinka \u2013 family house, aluminium frame structures<\/li><li>Horom\u011b\u0159ice \u2013 completion of a family house, including winter garden<\/li><li>Jesenice-Osnice \u2013 winter garden<\/li><li>Prague 1 \u2013 new entrances for glass store on the corner of Melantrichov\u00e1 and Michalsk\u00e1 street<\/li><li>Prague 1, Hrad\u010dansk\u00e9 n\u00e1m., Archibiskupsk\u00fd palac \u2013 complete reconstruction of balconies<\/li><li>Prague 1, Hrad\u010dansk\u00e9 n\u00e1m., Archibiskupsk\u00fd palac \u2013 passenger elevator reconstruction glazed aluminium inner separation wall<\/li><li>Prague 1, Mysl\u00edkova ul. 31 \u2013 administrative building \u2013 reconstruction of object including glazed fa\u00e7ade, reconstruction of office space for COMMERZBANK and RAIFFEISENBANK<\/li><li>Prague 1, N\u00e1rodn\u00ed 15 \u2013 supply and installation of interior aluminium walls<\/li><li>Prague 1, Pa\u0159\u00ed\u017esk\u00e1 6 \u2013 reconstruction of HUGO BOSS store for S\u00c1GA TRADE company<\/li><li>Prague 1, Pa\u0159\u00ed\u017esk\u00e1 6 \u2013 reconstruction of S\u00c1GA TRADE company store<\/li><li>Prague 1, V\u00e1ckavsk\u00e9 n\u00e1m. \u2013 branch office of \u010cS Spo\u0159itelna (savings bank)<\/li><li>Prague 1, Starom\u011bstsk\u00e9 n\u00e1m. 22 \u2013 skylight atrium<\/li><li>Prague 1, Starom\u011bstsk\u00e9 n\u00e1m. 26 \u2013 new store entrance<\/li><li>Prague 2, Rejskova 14 \u2013 winter garden<\/li><li>Prague 3-Paruk\u00e1\u0159ka \u2013 two winter gardens<\/li><li>Prague 4, Rozvodov\u00e1 352 \u2013 winter garden<\/li><li>Prague 5 \u2013 reconstruction of sports hall and ERPET Golf Centrum area (former Tatra Sm\u00edchov sports hall)<\/li><li>Prague 5 \u2013 family house, aluminium frame structures<\/li><li>Prague 5, ul. Na srpe\u010dku \u2013 winter garden<\/li><li>Prague 6 \u2013 Airport Ruzyn\u011b \u2013 supply and installation of aluminium works parts (partitions, restaurants, boutiques, casino)<\/li><li>Prague 6 \u2013 Airport Ruzyn\u011b \u2013 curtain wall reconstruction of administrative building and cafeteria of Hangar F<\/li><li>Prague 6 \u2013 Airport Ruzyn\u011b \u2013 reconstruction of HUGO BOSS store in transit area<\/li><li>Prague 6 \u2013 Airport Ruzyn\u011b \u2013 glazed internal walls and partitions of a representative room<\/li><li>Prague 6 \u2013 Casinos at metro stations Hrad\u010dansk\u00e1, Sm\u00edchovsk\u00e9 n\u00e1dra\u017e\u00ed, N\u00e1dra\u017e\u00ed Hole\u0161ovice and Stod\u016flky<\/li><li>Prague 6, ul. Na Kodymce \u2013 winter garden<\/li><li>Prague 8, Sokolovsk\u00e1 26 \u2013 winter garden<\/li><li>Prague 8, Tusarova \u2013 glazed roof construction<\/li><li>P\u0159ezletice \u2013 family house, aluminium frame structures<\/li><\/ul><p>[\/et_pb_text][\/et_pb_column][\/et_pb_row][\/et_pb_section]<\/p>","_et_gb_content_width":""},"_links":{"self":[{"href":"https:\/\/www.brinvest.cz\/en\/wp-json\/wp\/v2\/pages\/535"}],"collection":[{"href":"https:\/\/www.brinvest.cz\/en\/wp-json\/wp\/v2\/pages"}],"about":[{"href":"https:\/\/www.brinvest.cz\/en\/wp-json\/wp\/v2\/types\/page"}],"author":[{"embeddable":true,"href":"https:\/\/www.brinvest.cz\/en\/wp-json\/wp\/v2\/users\/1"}],"replies":[{"embeddable":true,"href":"https:\/\/www.brinvest.cz\/en\/wp-json\/wp\/v2\/comments?post=535"}],"version-history":[{"count":0,"href":"https:\/\/www.brinvest.cz\/en\/wp-json\/wp\/v2\/pages\/535\/revisions"}],"wp:attachment":[{"href":"https:\/\/www.brinvest.cz\/en\/wp-json\/wp\/v2\/media?parent=535"}],"curies":[{"name":"wp","href":"https:\/\/api.w.org\/{rel}","templated":true}]}}