{"id":537,"date":"2018-08-07T10:34:21","date_gmt":"2018-08-07T08:34:21","guid":{"rendered":"http:\/\/bri.zelenakocka.com\/?page_id=537"},"modified":"2018-12-10T22:34:57","modified_gmt":"2018-12-10T21:34:57","slug":"construction-works-references","status":"publish","type":"page","link":"https:\/\/www.brinvest.cz\/en\/construction-works-references\/","title":{"rendered":"Construction works references"},"content":{"rendered":"<p>[et_pb_section bb_built=&#8221;1&#8243;][et_pb_row][et_pb_column type=&#8221;4_4&#8243;][et_pb_text admin_label=&#8221;Construction works references&#8221; _builder_version=&#8221;3.11&#8243;]<\/p>\n<h1>Construction works references<\/h1>\n<p>[\/et_pb_text][et_pb_text _builder_version=&#8221;3.11&#8243;]<\/p>\n<p>&nbsp;<\/p>\n<h3>Complete references of realised projects:<\/h3>\n<ul>\n<li>Horom\u011b\u0159ice \u2013 completion of family house, including winter garden<\/li>\n<li>Jesenice-Mlad\u00edkov \u2013 new building of family house<\/li>\n<li>Jesenice-Osnice \u2013 new building of family house, including winter garden<\/li>\n<li>Karlovy Vary \u2013 hotel Panter \u2013 reconstruction<\/li>\n<li>Karlovy Vary \u2013 hotel R\u016f\u017ee \u2013 reconstruction<\/li>\n<li>Karl\u0161tejn \u2013 Pou\u010dn\u00edk \u2013 new building of family house<\/li>\n<li>Nespeky \u2013 extension of a recreation house<\/li>\n<li>Prague 1, Dra\u017eick\u00e9ho n\u00e1m. \u2013 hotel U t\u0159\u00ed p\u0161tros\u016f \u2013 reconstruction<\/li>\n<li>Prague 1, Hradebn\u00ed ul. \u2013 ITAL TRADE \u2013 furniture salesroom<\/li>\n<li>Prague 1, Jungmannova 28 \u2013 hairdressing parlor<\/li>\n<li>Prague 1, Mysl\u00edkova 31 \u2013 COMMERZBANK<\/li>\n<li>Prague 1, Mysl\u00edkova 31 \u2013 reconstruction of Sportissimo store<\/li>\n<li>Prague 1, Pa\u0159\u00ed\u017esk\u00e1 6 \u2013 reconstruction of HUGO BOSS store for S\u00c1GA TRADE company<\/li>\n<li>Prague 1, Pa\u0159\u00ed\u017esk\u00e1 6 \u2013 reconstruction of S\u00c1GA TRADE company store<\/li>\n<li>Prague 1, Senov\u00e1\u017en\u00e9 n\u00e1m. 3 \u2013 administrative building \u2013 reconstruction of Immoconsult company office space<\/li>\n<li>Prague 1, Senov\u00e1\u017en\u00e9 n\u00e1m. 3 \u2013 administrative building \u2013 reconstruction<\/li>\n<li>Prague 1, Sp\u00e1len\u00e1 55 \u2013 ZEPTER International<\/li>\n<li>Prague 1, Starom\u011bstsk\u00e9 n\u00e1m. \u2013 glass store<\/li>\n<li>Prague 1, Starom\u011bstsk\u00e9 n\u00e1m. \u2013 restaurant and pizzeria U Bindr\u016f<\/li>\n<li>Prague 1, Starom\u011bstsk\u00e9 n\u00e1m. \u2013 interior reconstruction of 2nd floor<\/li>\n<li>Prague 1, Starom\u011bstsk\u00e9 n\u00e1m. 22 and 27 \u2013 reconstruction of an interior of a department store and pizza place<\/li>\n<li>Prague 1, Starom\u011bstsk\u00e9 n\u00e1m. \u2013 Museum of Czech glass<\/li>\n<li>Prague 1, Starom\u011bstsk\u00e9 n\u00e1m. 26 \u2013 new store entrance<\/li>\n<li>Prague 1, Uheln\u00fd trh \u2013 restaurant WOLFGANG INN \u2013 reconstruction works in a restaurant<\/li>\n<li>Prague 1, V\u00e1clavsk\u00e9 n\u00e1m. \u2013 branch office of \u010cS spo\u0159itelna<\/li>\n<li>Prague 2, M\u00e1nesova 77 \u2013 apartment reconstruction<\/li>\n<li>Prague 2, \u0160afa\u0159\u00edkova 11 \u2013 apartment reconstruction<\/li>\n<li>Prague 3, Kostnick\u00e9 n\u00e1m. \u2013 office reconstruction<\/li>\n<li>Prague 4, Haje \u2013 reconstruction of family house<\/li>\n<li>Prague 4, Jihoz\u00e1padn\u00ed V. \u2013 reconstruction of family house<\/li>\n<li>Prague 4, Sinkulova 48 \u2013 apartment and office space reconstruction<\/li>\n<li>Prague 4, Sinkulova ul. \u2013 office space reconstruction<\/li>\n<li>Prague 4, Za ba\u017eantnic\u00ed \u2013 new building of family house<\/li>\n<li>Prague 4, Za ba\u017eantnic\u00ed \u2013 winter garden<\/li>\n<li>Prague 6, ul. Na Kodymce \u2013 villa reconstruction<\/li>\n<li>Prague 6 \u2013 Casinos at metro stations Hrad\u010dansk\u00e1, Sm\u00edchovsk\u00e9 n\u00e1dra\u017e\u00ed and N\u00e1dra\u017e\u00ed Hole\u0161ovice<\/li>\n<li>Prague 6, Na Z\u00e1torce 5 \u2013 administrative building \u2013 reconstruction<\/li>\n<li>Prague 6, Na Z\u00e1torce 5 \u2013 administrative building \u2013 reconstruction works<\/li>\n<li>Prague 6, Nad Panenskou \u2013 reconstruction of apartment building<\/li>\n<li>Prague 7-Troja \u2013 reconstruction of family house<\/li>\n<li>Prague 9-Kyje, H\u016frsk\u00e1 37 \u2013 reconstruction of family house<\/li>\n<li>Prague 9, \u00dajezd nad Lesy \u2013 reconstruction of family house<\/li>\n<li>Prague 10-Benice, Na Luka 87 \u2013 reconstruction of family house<\/li>\n<li>Prague 10-Benice, ul. K Pitkovic\u016fm \u2013 reconstruction of family house, including LINDAB roof<\/li>\n<li>Prague 10 \u2013 ZEPTER \u2013 business centre \u2013 complete reconstruction<\/li>\n<li>Pr\u016fhonice u Prahy \u2013 roof construction of a family house<\/li>\n<li>SK Sm\u00edchov na Klamovce \u2013 reconstruction of entire object, including general roof repair works<\/li>\n<li>\u0158\u00ed\u010dany u Prahy \u2013construction of a new family house<\/li>\n<li>\u0160pindler\u016fv Ml\u00fdn \u2013 reconstruction of ERPET Center<\/li>\n<li>V\u0161edobrovice u \u0160ti\u0159\u00edna \u2013 new building of family house<\/li>\n<\/ul>\n<p>[\/et_pb_text][\/et_pb_column][\/et_pb_row][\/et_pb_section]<\/p>\n","protected":false},"excerpt":{"rendered":"<p>[et_pb_section bb_built=&#8221;1&#8243;][et_pb_row][et_pb_column type=&#8221;4_4&#8243;][et_pb_text admin_label=&#8221;Construction works references&#8221; _builder_version=&#8221;3.11&#8243;] Construction works references [\/et_pb_text][et_pb_text _builder_version=&#8221;3.11&#8243;] &nbsp; Complete references of realised projects: Horom\u011b\u0159ice \u2013 completion of family house, including winter garden Jesenice-Mlad\u00edkov \u2013 new building of family house Jesenice-Osnice \u2013 new building of family house, including winter garden Karlovy Vary \u2013 hotel Panter \u2013 reconstruction Karlovy Vary \u2013 hotel [&hellip;]<\/p>\n","protected":false},"author":1,"featured_media":0,"parent":0,"menu_order":0,"comment_status":"closed","ping_status":"closed","template":"","meta":{"_et_pb_use_builder":"on","_et_pb_old_content":"<p>[et_pb_section bb_built=\"1\"][et_pb_row][et_pb_column type=\"4_4\"][et_pb_text admin_label=\"Construction works references\" _builder_version=\"3.11\"]<\/p><h1>Construction works references<\/h1><p>[\/et_pb_text][et_pb_text _builder_version=\"3.11\"]<\/p><p>\u00a0<\/p><h3>Complete references of realised projects:<\/h3><ul><li>Horom\u011b\u0159ice \u2013 completion of family house, including winter garden<\/li><li>Jesenice-Mlad\u00edkov \u2013 new building of family house<\/li><li>Jesenice-Osnice \u2013 new building of family house, including winter garden<\/li><li>Karlovy Vary \u2013 hotel Panter \u2013 reconstruction<\/li><li>Karlovy Vary \u2013 hotel R\u016f\u017ee \u2013 reconstruction<\/li><li>Karl\u0161tejn \u2013 Pou\u010dn\u00edk \u2013 new building of family house<\/li><li>Nespeky \u2013 extension of a recreation house<\/li><li>Prague 1, Dra\u017eick\u00e9ho n\u00e1m. \u2013 hotel U t\u0159\u00ed p\u0161tros\u016f \u2013 reconstruction<\/li><li>Prague 1, Hradebn\u00ed ul. \u2013 ITAL TRADE \u2013 furniture salesroom<\/li><li>Prague 1, Jungmannova 28 \u2013 hairdressing parlor<\/li><li>Prague 1, Mysl\u00edkova 31 \u2013 COMMERZBANK<\/li><li>Prague 1, Mysl\u00edkova 31 \u2013 reconstruction of Sportissimo store<\/li><li>Prague 1, Pa\u0159\u00ed\u017esk\u00e1 6 \u2013 reconstruction of HUGO BOSS store for S\u00c1GA TRADE company<\/li><li>Prague 1, Pa\u0159\u00ed\u017esk\u00e1 6 \u2013 reconstruction of S\u00c1GA TRADE company store<\/li><li>Prague 1, Senov\u00e1\u017en\u00e9 n\u00e1m. 3 \u2013 administrative building \u2013 reconstruction of Immoconsult company office space<\/li><li>Prague 1, Senov\u00e1\u017en\u00e9 n\u00e1m. 3 \u2013 administrative building \u2013 reconstruction<\/li><li>Prague 1, Sp\u00e1len\u00e1 55 \u2013 ZEPTER International<\/li><li>Prague 1, Starom\u011bstsk\u00e9 n\u00e1m. \u2013 glass store<\/li><li>Prague 1, Starom\u011bstsk\u00e9 n\u00e1m. \u2013 restaurant and pizzeria U Bindr\u016f<\/li><li>Prague 1, Starom\u011bstsk\u00e9 n\u00e1m. \u2013 interior reconstruction of 2nd floor<\/li><li>Prague 1, Starom\u011bstsk\u00e9 n\u00e1m. 22 and 27 \u2013 reconstruction of an interior of a department store and pizza place<\/li><li>Prague 1, Starom\u011bstsk\u00e9 n\u00e1m. \u2013 Museum of Czech glass<\/li><li>Prague 1, Starom\u011bstsk\u00e9 n\u00e1m. 26 \u2013 new store entrance<\/li><li>Prague 1, Uheln\u00fd trh \u2013 restaurant WOLFGANG INN \u2013 reconstruction works in a restaurant<\/li><li>Prague 1, V\u00e1clavsk\u00e9 n\u00e1m. \u2013 branch office of \u010cS spo\u0159itelna<\/li><li>Prague 2, M\u00e1nesova 77 \u2013 apartment reconstruction<\/li><li>Prague 2, \u0160afa\u0159\u00edkova 11 \u2013 apartment reconstruction<\/li><li>Prague 3, Kostnick\u00e9 n\u00e1m. \u2013 office reconstruction<\/li><li>Prague 4, Haje \u2013 reconstruction of family house<\/li><li>Prague 4, Jihoz\u00e1padn\u00ed V. \u2013 reconstruction of family house<\/li><li>Prague 4, Sinkulova 48 \u2013 apartment and office space reconstruction<\/li><li>Prague 4, Sinkulova ul. \u2013 office space reconstruction<\/li><li>Prague 4, Za ba\u017eantnic\u00ed \u2013 new building of family house<\/li><li>Prague 4, Za ba\u017eantnic\u00ed \u2013 winter garden<\/li><li>Prague 6, ul. Na Kodymce \u2013 villa reconstruction<\/li><li>Prague 6 \u2013 Casinos at metro stations Hrad\u010dansk\u00e1, Sm\u00edchovsk\u00e9 n\u00e1dra\u017e\u00ed and N\u00e1dra\u017e\u00ed Hole\u0161ovice<\/li><li>Prague 6, Na Z\u00e1torce 5 \u2013 administrative building \u2013 reconstruction<\/li><li>Prague 6, Na Z\u00e1torce 5 \u2013 administrative building \u2013 reconstruction works<\/li><li>Prague 6, Nad Panenskou \u2013 reconstruction of apartment building<\/li><li>Prague 7-Troja \u2013 reconstruction of family house<\/li><li>Prague 9-Kyje, H\u016frsk\u00e1 37 \u2013 reconstruction of family house<\/li><li>Prague 9, \u00dajezd nad Lesy \u2013 reconstruction of family house<\/li><li>Prague 10-Benice, Na Luka 87 \u2013 reconstruction of family house<\/li><li>Prague 10-Benice, ul. K Pitkovic\u016fm \u2013 reconstruction of family house, including LINDAB roof<\/li><li>Prague 10 \u2013 ZEPTER \u2013 business centre \u2013 complete reconstruction<\/li><li>Pr\u016fhonice u Prahy \u2013 roof construction of a family house<\/li><li>SK Sm\u00edchov na Klamovce \u2013 reconstruction of entire object, including general roof repair works<\/li><li>\u0158\u00ed\u010dany u Prahy \u2013construction of a new family house<\/li><li>\u0160pindler\u016fv Ml\u00fdn \u2013 reconstruction of ERPET Center<\/li><li>V\u0161edobrovice u \u0160ti\u0159\u00edna \u2013 new building of family house<\/li><\/ul><p>[\/et_pb_text][\/et_pb_column][\/et_pb_row][\/et_pb_section]<\/p>","_et_gb_content_width":""},"_links":{"self":[{"href":"https:\/\/www.brinvest.cz\/en\/wp-json\/wp\/v2\/pages\/537"}],"collection":[{"href":"https:\/\/www.brinvest.cz\/en\/wp-json\/wp\/v2\/pages"}],"about":[{"href":"https:\/\/www.brinvest.cz\/en\/wp-json\/wp\/v2\/types\/page"}],"author":[{"embeddable":true,"href":"https:\/\/www.brinvest.cz\/en\/wp-json\/wp\/v2\/users\/1"}],"replies":[{"embeddable":true,"href":"https:\/\/www.brinvest.cz\/en\/wp-json\/wp\/v2\/comments?post=537"}],"version-history":[{"count":0,"href":"https:\/\/www.brinvest.cz\/en\/wp-json\/wp\/v2\/pages\/537\/revisions"}],"wp:attachment":[{"href":"https:\/\/www.brinvest.cz\/en\/wp-json\/wp\/v2\/media?parent=537"}],"curies":[{"name":"wp","href":"https:\/\/api.w.org\/{rel}","templated":true}]}}